 {"id":1210,"date":"2020-12-29T15:37:06","date_gmt":"2020-12-29T14:37:06","guid":{"rendered":"http:\/\/parenthesegourmande.fr\/?page_id=1210"},"modified":"2024-03-23T17:12:43","modified_gmt":"2024-03-23T16:12:43","slug":"pieces-montees-choux","status":"publish","type":"page","link":"https:\/\/parenthesegourmande.fr\/index.php\/pieces-montees-choux\/","title":{"rendered":"Pi\u00e8ces mont\u00e9es choux"},"content":{"rendered":"\n<p>Les pi\u00e8ces mont\u00e9es de choux sont \u00e0 4.90\u20ac la part, montage nougatine et personnalisation compris.<\/p>\n\n\n\n<p>MINIMUM 15 PARTS.<\/p>\n\n\n\n<p>1 part = 3 choux.<\/p>\n\n\n<div class=\"wp-block-image is-style-rounded\">\n<figure class=\"aligncenter size-medium\"><img loading=\"lazy\" decoding=\"async\" width=\"632\" height=\"632\" src=\"https:\/\/parenthesegourmande.fr\/wp-content\/uploads\/2024\/03\/379060270_622588806744643_525579985333479478_n-632x632.jpg\" alt=\"\" class=\"wp-image-1931\" srcset=\"https:\/\/parenthesegourmande.fr\/wp-content\/uploads\/2024\/03\/379060270_622588806744643_525579985333479478_n-632x632.jpg 632w, https:\/\/parenthesegourmande.fr\/wp-content\/uploads\/2024\/03\/379060270_622588806744643_525579985333479478_n-1020x1020.jpg 1020w, https:\/\/parenthesegourmande.fr\/wp-content\/uploads\/2024\/03\/379060270_622588806744643_525579985333479478_n-768x768.jpg 768w, https:\/\/parenthesegourmande.fr\/wp-content\/uploads\/2024\/03\/379060270_622588806744643_525579985333479478_n.jpg 1080w\" sizes=\"auto, (max-width: 632px) 100vw, 632px\" \/><\/figure>\n<\/div>\n\n<div class=\"wp-block-image is-style-rounded\">\n<figure class=\"aligncenter size-large is-resized\"><img loading=\"lazy\" decoding=\"async\" src=\"https:\/\/parenthesegourmande.fr\/wp-content\/uploads\/2020\/12\/120080198_3580602492025859_8680112936417756224_n.jpg\" alt=\"\" class=\"wp-image-1286\" width=\"480\" height=\"480\" srcset=\"https:\/\/parenthesegourmande.fr\/wp-content\/uploads\/2020\/12\/120080198_3580602492025859_8680112936417756224_n.jpg 960w, https:\/\/parenthesegourmande.fr\/wp-content\/uploads\/2020\/12\/120080198_3580602492025859_8680112936417756224_n-632x632.jpg 632w, https:\/\/parenthesegourmande.fr\/wp-content\/uploads\/2020\/12\/120080198_3580602492025859_8680112936417756224_n-768x768.jpg 768w\" sizes=\"auto, (max-width: 480px) 100vw, 480px\" \/><\/figure>\n<\/div>\n\n<div class=\"wp-block-image is-style-rounded\">\n<figure class=\"aligncenter size-large is-resized\"><img loading=\"lazy\" decoding=\"async\" src=\"https:\/\/parenthesegourmande.fr\/wp-content\/uploads\/2020\/12\/106340934_3337573822995395_8919902130918221869_o-1020x765.jpg\" alt=\"\" class=\"wp-image-1287\" width=\"510\" height=\"383\" srcset=\"https:\/\/parenthesegourmande.fr\/wp-content\/uploads\/2020\/12\/106340934_3337573822995395_8919902130918221869_o-1020x765.jpg 1020w, https:\/\/parenthesegourmande.fr\/wp-content\/uploads\/2020\/12\/106340934_3337573822995395_8919902130918221869_o-632x474.jpg 632w, https:\/\/parenthesegourmande.fr\/wp-content\/uploads\/2020\/12\/106340934_3337573822995395_8919902130918221869_o-768x576.jpg 768w, https:\/\/parenthesegourmande.fr\/wp-content\/uploads\/2020\/12\/106340934_3337573822995395_8919902130918221869_o-1536x1152.jpg 1536w, https:\/\/parenthesegourmande.fr\/wp-content\/uploads\/2020\/12\/106340934_3337573822995395_8919902130918221869_o.jpg 2000w\" sizes=\"auto, (max-width: 510px) 100vw, 510px\" \/><\/figure>\n<\/div>\n\n<div class=\"wp-block-image is-style-rounded\">\n<figure class=\"aligncenter size-large is-resized\"><img loading=\"lazy\" decoding=\"async\" src=\"https:\/\/parenthesegourmande.fr\/wp-content\/uploads\/2020\/12\/93774868_3158715687547877_7905693293260832768_o-1020x765.jpg\" alt=\"\" class=\"wp-image-1288\" width=\"510\" height=\"383\" srcset=\"https:\/\/parenthesegourmande.fr\/wp-content\/uploads\/2020\/12\/93774868_3158715687547877_7905693293260832768_o-1020x765.jpg 1020w, https:\/\/parenthesegourmande.fr\/wp-content\/uploads\/2020\/12\/93774868_3158715687547877_7905693293260832768_o-632x474.jpg 632w, https:\/\/parenthesegourmande.fr\/wp-content\/uploads\/2020\/12\/93774868_3158715687547877_7905693293260832768_o-768x576.jpg 768w, https:\/\/parenthesegourmande.fr\/wp-content\/uploads\/2020\/12\/93774868_3158715687547877_7905693293260832768_o-1536x1152.jpg 1536w, https:\/\/parenthesegourmande.fr\/wp-content\/uploads\/2020\/12\/93774868_3158715687547877_7905693293260832768_o.jpg 2000w\" sizes=\"auto, (max-width: 510px) 100vw, 510px\" \/><\/figure>\n<\/div>\n\n<div class=\"wp-block-image is-style-rounded\">\n<figure class=\"aligncenter size-large is-resized\"><img loading=\"lazy\" decoding=\"async\" src=\"https:\/\/parenthesegourmande.fr\/wp-content\/uploads\/2020\/12\/88959117_3060064400746340_4241254396341518336_o-1020x765.jpg\" alt=\"\" class=\"wp-image-1289\" width=\"510\" height=\"383\" srcset=\"https:\/\/parenthesegourmande.fr\/wp-content\/uploads\/2020\/12\/88959117_3060064400746340_4241254396341518336_o-1020x765.jpg 1020w, https:\/\/parenthesegourmande.fr\/wp-content\/uploads\/2020\/12\/88959117_3060064400746340_4241254396341518336_o-632x474.jpg 632w, https:\/\/parenthesegourmande.fr\/wp-content\/uploads\/2020\/12\/88959117_3060064400746340_4241254396341518336_o-768x576.jpg 768w, https:\/\/parenthesegourmande.fr\/wp-content\/uploads\/2020\/12\/88959117_3060064400746340_4241254396341518336_o-1536x1152.jpg 1536w, https:\/\/parenthesegourmande.fr\/wp-content\/uploads\/2020\/12\/88959117_3060064400746340_4241254396341518336_o.jpg 2000w\" sizes=\"auto, (max-width: 510px) 100vw, 510px\" \/><\/figure>\n<\/div>\n\n<div class=\"wp-block-image is-style-rounded\">\n<figure class=\"aligncenter size-large is-resized\"><img loading=\"lazy\" decoding=\"async\" src=\"https:\/\/parenthesegourmande.fr\/wp-content\/uploads\/2020\/12\/58755134_2403798039706316_8357988606916165632_o-1020x765.jpg\" alt=\"\" class=\"wp-image-1388\" width=\"510\" height=\"383\" srcset=\"https:\/\/parenthesegourmande.fr\/wp-content\/uploads\/2020\/12\/58755134_2403798039706316_8357988606916165632_o-1020x765.jpg 1020w, https:\/\/parenthesegourmande.fr\/wp-content\/uploads\/2020\/12\/58755134_2403798039706316_8357988606916165632_o-632x474.jpg 632w, https:\/\/parenthesegourmande.fr\/wp-content\/uploads\/2020\/12\/58755134_2403798039706316_8357988606916165632_o-768x576.jpg 768w, https:\/\/parenthesegourmande.fr\/wp-content\/uploads\/2020\/12\/58755134_2403798039706316_8357988606916165632_o-1536x1152.jpg 1536w, https:\/\/parenthesegourmande.fr\/wp-content\/uploads\/2020\/12\/58755134_2403798039706316_8357988606916165632_o.jpg 2000w\" sizes=\"auto, (max-width: 510px) 100vw, 510px\" \/><\/figure>\n<\/div>\n\n<div class=\"wp-block-image is-style-rounded\">\n<figure class=\"aligncenter size-large is-resized\"><img loading=\"lazy\" decoding=\"async\" src=\"https:\/\/parenthesegourmande.fr\/wp-content\/uploads\/2020\/12\/116345506_3414109658675144_3078217981830890277_o-1020x1360.jpg\" alt=\"\" class=\"wp-image-1390\" width=\"510\" height=\"680\" srcset=\"https:\/\/parenthesegourmande.fr\/wp-content\/uploads\/2020\/12\/116345506_3414109658675144_3078217981830890277_o-1020x1360.jpg 1020w, https:\/\/parenthesegourmande.fr\/wp-content\/uploads\/2020\/12\/116345506_3414109658675144_3078217981830890277_o-632x843.jpg 632w, https:\/\/parenthesegourmande.fr\/wp-content\/uploads\/2020\/12\/116345506_3414109658675144_3078217981830890277_o-768x1024.jpg 768w, https:\/\/parenthesegourmande.fr\/wp-content\/uploads\/2020\/12\/116345506_3414109658675144_3078217981830890277_o-1152x1536.jpg 1152w, https:\/\/parenthesegourmande.fr\/wp-content\/uploads\/2020\/12\/116345506_3414109658675144_3078217981830890277_o.jpg 1500w\" sizes=\"auto, (max-width: 510px) 100vw, 510px\" \/><\/figure>\n<\/div>\n\n<div class=\"wp-block-image is-style-rounded\">\n<figure class=\"aligncenter size-large is-resized\"><img loading=\"lazy\" decoding=\"async\" src=\"https:\/\/parenthesegourmande.fr\/wp-content\/uploads\/2016\/04\/P1170204-1020x765.jpg\" alt=\"\" class=\"wp-image-1063\" width=\"510\" height=\"383\" srcset=\"https:\/\/parenthesegourmande.fr\/wp-content\/uploads\/2016\/04\/P1170204-1020x765.jpg 1020w, https:\/\/parenthesegourmande.fr\/wp-content\/uploads\/2016\/04\/P1170204-632x474.jpg 632w, https:\/\/parenthesegourmande.fr\/wp-content\/uploads\/2016\/04\/P1170204-768x576.jpg 768w\" sizes=\"auto, (max-width: 510px) 100vw, 510px\" \/><\/figure>\n<\/div>\n\n<div class=\"wp-block-image is-style-rounded\">\n<figure class=\"aligncenter size-large is-resized\"><img loading=\"lazy\" decoding=\"async\" src=\"https:\/\/parenthesegourmande.fr\/wp-content\/uploads\/2016\/04\/P1170161-1020x765.jpg\" alt=\"\" class=\"wp-image-1062\" width=\"511\" height=\"384\" srcset=\"https:\/\/parenthesegourmande.fr\/wp-content\/uploads\/2016\/04\/P1170161-1020x765.jpg 1020w, https:\/\/parenthesegourmande.fr\/wp-content\/uploads\/2016\/04\/P1170161-632x474.jpg 632w, https:\/\/parenthesegourmande.fr\/wp-content\/uploads\/2016\/04\/P1170161-768x576.jpg 768w\" sizes=\"auto, (max-width: 511px) 100vw, 511px\" \/><\/figure>\n<\/div>\n\n<div class=\"wp-block-image\">\n<figure class=\"aligncenter size-large is-resized\"><img loading=\"lazy\" decoding=\"async\" src=\"https:\/\/parenthesegourmande.fr\/wp-content\/uploads\/2021\/07\/203966233_4365655250187242_7964040427975835935_n-1020x1020.jpg\" alt=\"\" class=\"wp-image-1642\" width=\"510\" height=\"510\" srcset=\"https:\/\/parenthesegourmande.fr\/wp-content\/uploads\/2021\/07\/203966233_4365655250187242_7964040427975835935_n-1020x1020.jpg 1020w, https:\/\/parenthesegourmande.fr\/wp-content\/uploads\/2021\/07\/203966233_4365655250187242_7964040427975835935_n-632x632.jpg 632w, https:\/\/parenthesegourmande.fr\/wp-content\/uploads\/2021\/07\/203966233_4365655250187242_7964040427975835935_n-768x768.jpg 768w, https:\/\/parenthesegourmande.fr\/wp-content\/uploads\/2021\/07\/203966233_4365655250187242_7964040427975835935_n.jpg 1080w\" sizes=\"auto, (max-width: 510px) 100vw, 510px\" \/><\/figure>\n<\/div>\n\n<div class=\"wp-block-image is-style-rounded\">\n<figure class=\"aligncenter size-large is-resized\"><img loading=\"lazy\" decoding=\"async\" src=\"https:\/\/parenthesegourmande.fr\/wp-content\/uploads\/2021\/07\/189343634_4242923112460457_6228731372961801802_n-1020x1020.jpg\" alt=\"\" class=\"wp-image-1684\" width=\"510\" height=\"510\" srcset=\"https:\/\/parenthesegourmande.fr\/wp-content\/uploads\/2021\/07\/189343634_4242923112460457_6228731372961801802_n-1020x1020.jpg 1020w, https:\/\/parenthesegourmande.fr\/wp-content\/uploads\/2021\/07\/189343634_4242923112460457_6228731372961801802_n-632x632.jpg 632w, https:\/\/parenthesegourmande.fr\/wp-content\/uploads\/2021\/07\/189343634_4242923112460457_6228731372961801802_n-768x768.jpg 768w, https:\/\/parenthesegourmande.fr\/wp-content\/uploads\/2021\/07\/189343634_4242923112460457_6228731372961801802_n.jpg 1080w\" sizes=\"auto, (max-width: 510px) 100vw, 510px\" \/><\/figure>\n<\/div>\n\n<div class=\"wp-block-image is-style-rounded\">\n<figure class=\"aligncenter size-medium\"><img loading=\"lazy\" decoding=\"async\" width=\"632\" height=\"632\" src=\"https:\/\/parenthesegourmande.fr\/wp-content\/uploads\/2023\/04\/284079349_5357023201050437_7362180445644313439_n-632x632.jpg\" alt=\"\" class=\"wp-image-1879\" srcset=\"https:\/\/parenthesegourmande.fr\/wp-content\/uploads\/2023\/04\/284079349_5357023201050437_7362180445644313439_n-632x632.jpg 632w, https:\/\/parenthesegourmande.fr\/wp-content\/uploads\/2023\/04\/284079349_5357023201050437_7362180445644313439_n-1020x1020.jpg 1020w, https:\/\/parenthesegourmande.fr\/wp-content\/uploads\/2023\/04\/284079349_5357023201050437_7362180445644313439_n-768x768.jpg 768w, https:\/\/parenthesegourmande.fr\/wp-content\/uploads\/2023\/04\/284079349_5357023201050437_7362180445644313439_n.jpg 1080w\" sizes=\"auto, (max-width: 632px) 100vw, 632px\" \/><\/figure>\n<\/div>\n\n<div class=\"wp-block-image is-style-rounded\">\n<figure class=\"aligncenter size-medium\"><img loading=\"lazy\" decoding=\"async\" width=\"632\" height=\"632\" src=\"https:\/\/parenthesegourmande.fr\/wp-content\/uploads\/2023\/04\/288225549_5417131428372947_3028738964513741743_n-632x632.jpg\" alt=\"\" class=\"wp-image-1880\" srcset=\"https:\/\/parenthesegourmande.fr\/wp-content\/uploads\/2023\/04\/288225549_5417131428372947_3028738964513741743_n-632x632.jpg 632w, https:\/\/parenthesegourmande.fr\/wp-content\/uploads\/2023\/04\/288225549_5417131428372947_3028738964513741743_n-1020x1020.jpg 1020w, https:\/\/parenthesegourmande.fr\/wp-content\/uploads\/2023\/04\/288225549_5417131428372947_3028738964513741743_n-768x768.jpg 768w, https:\/\/parenthesegourmande.fr\/wp-content\/uploads\/2023\/04\/288225549_5417131428372947_3028738964513741743_n.jpg 1080w\" sizes=\"auto, (max-width: 632px) 100vw, 632px\" \/><\/figure>\n<\/div>\n\n<div class=\"wp-block-image is-style-rounded\">\n<figure class=\"aligncenter size-medium\"><img loading=\"lazy\" decoding=\"async\" width=\"632\" height=\"632\" src=\"https:\/\/parenthesegourmande.fr\/wp-content\/uploads\/2023\/04\/289784835_5437271939692229_2601191100537193396_n-632x632.jpg\" alt=\"\" class=\"wp-image-1881\" srcset=\"https:\/\/parenthesegourmande.fr\/wp-content\/uploads\/2023\/04\/289784835_5437271939692229_2601191100537193396_n-632x632.jpg 632w, https:\/\/parenthesegourmande.fr\/wp-content\/uploads\/2023\/04\/289784835_5437271939692229_2601191100537193396_n-1020x1020.jpg 1020w, https:\/\/parenthesegourmande.fr\/wp-content\/uploads\/2023\/04\/289784835_5437271939692229_2601191100537193396_n-768x768.jpg 768w, https:\/\/parenthesegourmande.fr\/wp-content\/uploads\/2023\/04\/289784835_5437271939692229_2601191100537193396_n.jpg 1080w\" sizes=\"auto, (max-width: 632px) 100vw, 632px\" \/><\/figure>\n<\/div>\n\n<div class=\"wp-block-image is-style-rounded\">\n<figure class=\"aligncenter size-medium\"><img loading=\"lazy\" decoding=\"async\" width=\"632\" height=\"474\" src=\"https:\/\/parenthesegourmande.fr\/wp-content\/uploads\/2023\/04\/290940724_331655182504675_3990211151841940319_n-632x474.jpg\" alt=\"\" class=\"wp-image-1883\" srcset=\"https:\/\/parenthesegourmande.fr\/wp-content\/uploads\/2023\/04\/290940724_331655182504675_3990211151841940319_n-632x474.jpg 632w, https:\/\/parenthesegourmande.fr\/wp-content\/uploads\/2023\/04\/290940724_331655182504675_3990211151841940319_n-1020x764.jpg 1020w, https:\/\/parenthesegourmande.fr\/wp-content\/uploads\/2023\/04\/290940724_331655182504675_3990211151841940319_n-768x575.jpg 768w, https:\/\/parenthesegourmande.fr\/wp-content\/uploads\/2023\/04\/290940724_331655182504675_3990211151841940319_n.jpg 1440w\" sizes=\"auto, (max-width: 632px) 100vw, 632px\" \/><\/figure>\n<\/div>\n\n<div class=\"wp-block-image is-style-rounded\">\n<figure class=\"aligncenter size-medium\"><img loading=\"lazy\" decoding=\"async\" width=\"632\" height=\"790\" src=\"https:\/\/parenthesegourmande.fr\/wp-content\/uploads\/2023\/04\/292606267_336337128703147_8828074408841717942_n-632x790.jpg\" alt=\"\" class=\"wp-image-1884\" srcset=\"https:\/\/parenthesegourmande.fr\/wp-content\/uploads\/2023\/04\/292606267_336337128703147_8828074408841717942_n-632x790.jpg 632w, https:\/\/parenthesegourmande.fr\/wp-content\/uploads\/2023\/04\/292606267_336337128703147_8828074408841717942_n-1020x1275.jpg 1020w, https:\/\/parenthesegourmande.fr\/wp-content\/uploads\/2023\/04\/292606267_336337128703147_8828074408841717942_n-768x960.jpg 768w, https:\/\/parenthesegourmande.fr\/wp-content\/uploads\/2023\/04\/292606267_336337128703147_8828074408841717942_n.jpg 1080w\" sizes=\"auto, (max-width: 632px) 100vw, 632px\" \/><\/figure>\n<\/div>\n\n<div class=\"wp-block-image is-style-rounded\">\n<figure class=\"aligncenter size-medium\"><img loading=\"lazy\" decoding=\"async\" width=\"632\" height=\"790\" src=\"https:\/\/parenthesegourmande.fr\/wp-content\/uploads\/2023\/04\/292615091_336906951979498_633194358652518330_n-632x790.jpg\" alt=\"\" class=\"wp-image-1885\" srcset=\"https:\/\/parenthesegourmande.fr\/wp-content\/uploads\/2023\/04\/292615091_336906951979498_633194358652518330_n-632x790.jpg 632w, https:\/\/parenthesegourmande.fr\/wp-content\/uploads\/2023\/04\/292615091_336906951979498_633194358652518330_n-1020x1275.jpg 1020w, https:\/\/parenthesegourmande.fr\/wp-content\/uploads\/2023\/04\/292615091_336906951979498_633194358652518330_n-768x960.jpg 768w, https:\/\/parenthesegourmande.fr\/wp-content\/uploads\/2023\/04\/292615091_336906951979498_633194358652518330_n.jpg 1080w\" sizes=\"auto, (max-width: 632px) 100vw, 632px\" \/><\/figure>\n<\/div>\n\n<div class=\"wp-block-image is-style-rounded\">\n<figure class=\"aligncenter size-medium\"><img loading=\"lazy\" decoding=\"async\" width=\"632\" height=\"632\" src=\"https:\/\/parenthesegourmande.fr\/wp-content\/uploads\/2024\/03\/433678619_728673336136189_5765452660821657534_n-632x632.jpg\" alt=\"\" class=\"wp-image-1930\" srcset=\"https:\/\/parenthesegourmande.fr\/wp-content\/uploads\/2024\/03\/433678619_728673336136189_5765452660821657534_n-632x632.jpg 632w, https:\/\/parenthesegourmande.fr\/wp-content\/uploads\/2024\/03\/433678619_728673336136189_5765452660821657534_n-1020x1020.jpg 1020w, https:\/\/parenthesegourmande.fr\/wp-content\/uploads\/2024\/03\/433678619_728673336136189_5765452660821657534_n-768x768.jpg 768w, https:\/\/parenthesegourmande.fr\/wp-content\/uploads\/2024\/03\/433678619_728673336136189_5765452660821657534_n.jpg 1080w\" sizes=\"auto, (max-width: 632px) 100vw, 632px\" \/><\/figure>\n<\/div>\n\n<div class=\"wp-block-image is-style-rounded\">\n<figure class=\"aligncenter size-medium\"><img loading=\"lazy\" decoding=\"async\" width=\"632\" height=\"632\" src=\"https:\/\/parenthesegourmande.fr\/wp-content\/uploads\/2023\/04\/301684500_370734118596781_7058089750941916557_n-632x632.jpg\" alt=\"\" class=\"wp-image-1887\" srcset=\"https:\/\/parenthesegourmande.fr\/wp-content\/uploads\/2023\/04\/301684500_370734118596781_7058089750941916557_n-632x632.jpg 632w, https:\/\/parenthesegourmande.fr\/wp-content\/uploads\/2023\/04\/301684500_370734118596781_7058089750941916557_n-1020x1020.jpg 1020w, https:\/\/parenthesegourmande.fr\/wp-content\/uploads\/2023\/04\/301684500_370734118596781_7058089750941916557_n-768x768.jpg 768w, https:\/\/parenthesegourmande.fr\/wp-content\/uploads\/2023\/04\/301684500_370734118596781_7058089750941916557_n.jpg 1080w\" sizes=\"auto, (max-width: 632px) 100vw, 632px\" \/><\/figure>\n<\/div>\n\n<div class=\"wp-block-image is-style-rounded\">\n<figure class=\"aligncenter size-medium\"><img loading=\"lazy\" decoding=\"async\" width=\"632\" height=\"632\" src=\"https:\/\/parenthesegourmande.fr\/wp-content\/uploads\/2024\/03\/355327641_576435411359983_3087889760612418859_n-632x632.jpg\" alt=\"\" class=\"wp-image-1929\" srcset=\"https:\/\/parenthesegourmande.fr\/wp-content\/uploads\/2024\/03\/355327641_576435411359983_3087889760612418859_n-632x632.jpg 632w, https:\/\/parenthesegourmande.fr\/wp-content\/uploads\/2024\/03\/355327641_576435411359983_3087889760612418859_n-1020x1020.jpg 1020w, https:\/\/parenthesegourmande.fr\/wp-content\/uploads\/2024\/03\/355327641_576435411359983_3087889760612418859_n-768x768.jpg 768w, https:\/\/parenthesegourmande.fr\/wp-content\/uploads\/2024\/03\/355327641_576435411359983_3087889760612418859_n.jpg 1080w\" sizes=\"auto, (max-width: 632px) 100vw, 632px\" \/><\/figure>\n<\/div>\n\n<div class=\"wp-block-image is-style-rounded\">\n<figure class=\"aligncenter size-medium\"><img loading=\"lazy\" decoding=\"async\" width=\"632\" height=\"632\" src=\"https:\/\/parenthesegourmande.fr\/wp-content\/uploads\/2023\/04\/309387311_409909881345871_338524749645591269_n-632x632.jpg\" alt=\"\" class=\"wp-image-1889\" srcset=\"https:\/\/parenthesegourmande.fr\/wp-content\/uploads\/2023\/04\/309387311_409909881345871_338524749645591269_n-632x632.jpg 632w, https:\/\/parenthesegourmande.fr\/wp-content\/uploads\/2023\/04\/309387311_409909881345871_338524749645591269_n-1020x1020.jpg 1020w, https:\/\/parenthesegourmande.fr\/wp-content\/uploads\/2023\/04\/309387311_409909881345871_338524749645591269_n-768x768.jpg 768w, https:\/\/parenthesegourmande.fr\/wp-content\/uploads\/2023\/04\/309387311_409909881345871_338524749645591269_n.jpg 1080w\" sizes=\"auto, (max-width: 632px) 100vw, 632px\" \/><\/figure>\n<\/div>\n\n<div class=\"wp-block-image is-style-rounded\">\n<figure class=\"aligncenter size-medium\"><img loading=\"lazy\" decoding=\"async\" width=\"632\" height=\"633\" src=\"https:\/\/parenthesegourmande.fr\/wp-content\/uploads\/2023\/05\/344745838_760490205539591_2514188862101106843_n-632x633.jpg\" alt=\"\" class=\"wp-image-1907\" srcset=\"https:\/\/parenthesegourmande.fr\/wp-content\/uploads\/2023\/05\/344745838_760490205539591_2514188862101106843_n-632x633.jpg 632w, https:\/\/parenthesegourmande.fr\/wp-content\/uploads\/2023\/05\/344745838_760490205539591_2514188862101106843_n-1020x1021.jpg 1020w, https:\/\/parenthesegourmande.fr\/wp-content\/uploads\/2023\/05\/344745838_760490205539591_2514188862101106843_n-768x769.jpg 768w, https:\/\/parenthesegourmande.fr\/wp-content\/uploads\/2023\/05\/344745838_760490205539591_2514188862101106843_n.jpg 1080w\" sizes=\"auto, (max-width: 632px) 100vw, 632px\" \/><\/figure>\n<\/div>\n\n\n<p>Allerg\u00e8nes utilis\u00e9s : c\u00e9r\u00e9ales contenant du gluten (bl\u00e9), \u0153ufs et produits \u00e0 base d\u2019\u0153ufs, arachides et produits \u00e0 base d\u2019arachides, soja et produits \u00e0 base de soja, lait et produits \u00e0 base de lait, fruits \u00e0 coque et produits \u00e0 base de fruits \u00e0 coque.<\/p>\n","protected":false},"excerpt":{"rendered":"<div class=\"entry-summary\">\nLes pi\u00e8ces mont\u00e9es de choux sont \u00e0 4.90\u20ac la part, montage nougatine&hellip;\n<\/div>\n<div class=\"link-more\"><a href=\"https:\/\/parenthesegourmande.fr\/index.php\/pieces-montees-choux\/\" class=\"more-link\">Continue reading<span class=\"screen-reader-text\"> &ldquo;Pi\u00e8ces mont\u00e9es choux&rdquo;<\/span>&hellip;<\/a><\/div>\n","protected":false},"author":2,"featured_media":0,"parent":0,"menu_order":0,"comment_status":"closed","ping_status":"closed","template":"","meta":{"footnotes":""},"class_list":["post-1210","page","type-page","status-publish","hentry","entry"],"_links":{"self":[{"href":"https:\/\/parenthesegourmande.fr\/index.php\/wp-json\/wp\/v2\/pages\/1210","targetHints":{"allow":["GET"]}}],"collection":[{"href":"https:\/\/parenthesegourmande.fr\/index.php\/wp-json\/wp\/v2\/pages"}],"about":[{"href":"https:\/\/parenthesegourmande.fr\/index.php\/wp-json\/wp\/v2\/types\/page"}],"author":[{"embeddable":true,"href":"https:\/\/parenthesegourmande.fr\/index.php\/wp-json\/wp\/v2\/users\/2"}],"replies":[{"embeddable":true,"href":"https:\/\/parenthesegourmande.fr\/index.php\/wp-json\/wp\/v2\/comments?post=1210"}],"version-history":[{"count":18,"href":"https:\/\/parenthesegourmande.fr\/index.php\/wp-json\/wp\/v2\/pages\/1210\/revisions"}],"predecessor-version":[{"id":1932,"href":"https:\/\/parenthesegourmande.fr\/index.php\/wp-json\/wp\/v2\/pages\/1210\/revisions\/1932"}],"wp:attachment":[{"href":"https:\/\/parenthesegourmande.fr\/index.php\/wp-json\/wp\/v2\/media?parent=1210"}],"curies":[{"name":"wp","href":"https:\/\/api.w.org\/{rel}","templated":true}]}}