 {"id":1404,"date":"2020-12-29T20:41:59","date_gmt":"2020-12-29T19:41:59","guid":{"rendered":"http:\/\/parenthesegourmande.fr\/?page_id=1404"},"modified":"2021-08-24T07:29:23","modified_gmt":"2021-08-24T06:29:23","slug":"gouters","status":"publish","type":"page","link":"https:\/\/parenthesegourmande.fr\/index.php\/gouters\/","title":{"rendered":"Go\u00fbters"},"content":{"rendered":"\n<p>Chocos au chocolat de votre choix, en vente \u00e0 l&rsquo;unit\u00e9  :  0.80\u20ac pi\u00e8ce.<\/p>\n\n\n\n<ul class=\"wp-block-list\"><li>Chocolat noir.<\/li><li>Chocolat au lait.<\/li><li>Chocolat blanc.<\/li><\/ul>\n\n\n\n<p>(Conservation une quinzaine de jours dans une bo\u00eete herm\u00e9tique).<\/p>\n\n\n\n<div class=\"wp-block-image is-style-rounded\"><figure class=\"aligncenter size-large is-resized\"><img loading=\"lazy\" decoding=\"async\" src=\"https:\/\/parenthesegourmande.fr\/wp-content\/uploads\/2020\/12\/132305871_3825277387558367_1914470134544201187_o-1020x1020.jpg\" alt=\"\" class=\"wp-image-1411\" width=\"510\" height=\"510\" srcset=\"https:\/\/parenthesegourmande.fr\/wp-content\/uploads\/2020\/12\/132305871_3825277387558367_1914470134544201187_o-1020x1020.jpg 1020w, https:\/\/parenthesegourmande.fr\/wp-content\/uploads\/2020\/12\/132305871_3825277387558367_1914470134544201187_o-632x632.jpg 632w, https:\/\/parenthesegourmande.fr\/wp-content\/uploads\/2020\/12\/132305871_3825277387558367_1914470134544201187_o-768x768.jpg 768w, https:\/\/parenthesegourmande.fr\/wp-content\/uploads\/2020\/12\/132305871_3825277387558367_1914470134544201187_o.jpg 1080w\" sizes=\"auto, (max-width: 510px) 100vw, 510px\" \/><\/figure><\/div>\n\n\n\n<div class=\"wp-block-image is-style-rounded\"><figure class=\"aligncenter size-large is-resized\"><img loading=\"lazy\" decoding=\"async\" src=\"https:\/\/parenthesegourmande.fr\/wp-content\/uploads\/2021\/01\/136170040_3865250470227725_8047240674851650230_o-1020x1020.jpg\" alt=\"\" class=\"wp-image-1495\" width=\"510\" height=\"510\" srcset=\"https:\/\/parenthesegourmande.fr\/wp-content\/uploads\/2021\/01\/136170040_3865250470227725_8047240674851650230_o-1020x1020.jpg 1020w, https:\/\/parenthesegourmande.fr\/wp-content\/uploads\/2021\/01\/136170040_3865250470227725_8047240674851650230_o-632x632.jpg 632w, https:\/\/parenthesegourmande.fr\/wp-content\/uploads\/2021\/01\/136170040_3865250470227725_8047240674851650230_o-768x768.jpg 768w, https:\/\/parenthesegourmande.fr\/wp-content\/uploads\/2021\/01\/136170040_3865250470227725_8047240674851650230_o.jpg 1080w\" sizes=\"auto, (max-width: 510px) 100vw, 510px\" \/><\/figure><\/div>\n\n\n\n<p><\/p>\n\n\n\n<p>P\u00e2te \u00e0 tartiner choco\/noisette  : 9\u20ac le pot de 250g.<\/p>\n\n\n\n<p>(Uniquement du chocolat, des noisettes, une touche de sucre et un peu d&rsquo;huile. Sans conservateur. Sans huile de palme).<\/p>\n\n\n\n<p>Caramel au beurre sal\u00e9 \u00e0 tartiner  :  7,50\u20ac le pot de 250g.<\/p>\n\n\n\n<div class=\"wp-block-image is-style-rounded\"><figure class=\"aligncenter size-large is-resized\"><img loading=\"lazy\" decoding=\"async\" src=\"https:\/\/parenthesegourmande.fr\/wp-content\/uploads\/2021\/01\/138133976_3875618645857574_3884892664589510020_o-1020x1020.jpg\" alt=\"\" class=\"wp-image-1497\" width=\"510\" height=\"510\" srcset=\"https:\/\/parenthesegourmande.fr\/wp-content\/uploads\/2021\/01\/138133976_3875618645857574_3884892664589510020_o-1020x1020.jpg 1020w, https:\/\/parenthesegourmande.fr\/wp-content\/uploads\/2021\/01\/138133976_3875618645857574_3884892664589510020_o-632x632.jpg 632w, https:\/\/parenthesegourmande.fr\/wp-content\/uploads\/2021\/01\/138133976_3875618645857574_3884892664589510020_o-768x768.jpg 768w, https:\/\/parenthesegourmande.fr\/wp-content\/uploads\/2021\/01\/138133976_3875618645857574_3884892664589510020_o.jpg 1080w\" sizes=\"auto, (max-width: 510px) 100vw, 510px\" \/><\/figure><\/div>\n\n\n\n<div class=\"wp-block-image is-style-rounded\"><figure class=\"aligncenter size-large is-resized\"><img loading=\"lazy\" decoding=\"async\" src=\"https:\/\/parenthesegourmande.fr\/wp-content\/uploads\/2021\/01\/137674124_3875618649190907_1030501258742056273_o-1020x1020.jpg\" alt=\"\" class=\"wp-image-1498\" width=\"510\" height=\"510\" srcset=\"https:\/\/parenthesegourmande.fr\/wp-content\/uploads\/2021\/01\/137674124_3875618649190907_1030501258742056273_o-1020x1020.jpg 1020w, https:\/\/parenthesegourmande.fr\/wp-content\/uploads\/2021\/01\/137674124_3875618649190907_1030501258742056273_o-632x632.jpg 632w, https:\/\/parenthesegourmande.fr\/wp-content\/uploads\/2021\/01\/137674124_3875618649190907_1030501258742056273_o-768x768.jpg 768w, https:\/\/parenthesegourmande.fr\/wp-content\/uploads\/2021\/01\/137674124_3875618649190907_1030501258742056273_o.jpg 1080w\" sizes=\"auto, (max-width: 510px) 100vw, 510px\" \/><\/figure><\/div>\n\n\n\n<div class=\"wp-block-image is-style-rounded\"><figure class=\"aligncenter size-large is-resized\"><img loading=\"lazy\" decoding=\"async\" src=\"https:\/\/parenthesegourmande.fr\/wp-content\/uploads\/2021\/01\/137690556_3875618652524240_3251764733963510106_o-1020x1020.jpg\" alt=\"\" class=\"wp-image-1499\" width=\"510\" height=\"510\" srcset=\"https:\/\/parenthesegourmande.fr\/wp-content\/uploads\/2021\/01\/137690556_3875618652524240_3251764733963510106_o-1020x1020.jpg 1020w, https:\/\/parenthesegourmande.fr\/wp-content\/uploads\/2021\/01\/137690556_3875618652524240_3251764733963510106_o-632x632.jpg 632w, https:\/\/parenthesegourmande.fr\/wp-content\/uploads\/2021\/01\/137690556_3875618652524240_3251764733963510106_o-768x768.jpg 768w, https:\/\/parenthesegourmande.fr\/wp-content\/uploads\/2021\/01\/137690556_3875618652524240_3251764733963510106_o.jpg 1080w\" sizes=\"auto, (max-width: 510px) 100vw, 510px\" \/><\/figure><\/div>\n\n\n\n<p>Brioches  :  7 \u20ac la 6 parts et 9 \u20ac la 8 parts.<\/p>\n\n\n\n<p>Suppl\u00e9ment 1 \u20ac (p\u00e9pites de chocolat, sucre grains) et 1.50 \u20ac (pralines roses).<\/p>\n\n\n\n<p>Possibilit\u00e9 briochettes \u00e0 l&rsquo;unit\u00e9 sur demande.<\/p>\n\n\n\n<div class=\"wp-block-image is-style-rounded\"><figure class=\"aligncenter size-large is-resized\"><img loading=\"lazy\" decoding=\"async\" src=\"https:\/\/parenthesegourmande.fr\/wp-content\/uploads\/2021\/03\/118766415_3514493728636736_1301694796327936779_o-1020x765.jpg\" alt=\"\" class=\"wp-image-1583\" width=\"510\" height=\"383\" srcset=\"https:\/\/parenthesegourmande.fr\/wp-content\/uploads\/2021\/03\/118766415_3514493728636736_1301694796327936779_o-1020x765.jpg 1020w, https:\/\/parenthesegourmande.fr\/wp-content\/uploads\/2021\/03\/118766415_3514493728636736_1301694796327936779_o-632x474.jpg 632w, https:\/\/parenthesegourmande.fr\/wp-content\/uploads\/2021\/03\/118766415_3514493728636736_1301694796327936779_o-768x576.jpg 768w, https:\/\/parenthesegourmande.fr\/wp-content\/uploads\/2021\/03\/118766415_3514493728636736_1301694796327936779_o.jpg 1271w\" sizes=\"auto, (max-width: 510px) 100vw, 510px\" \/><\/figure><\/div>\n\n\n\n<p>Brioche Buchty  :  12 \u20ac (10\/12 parts).<\/p>\n\n\n\n<div class=\"wp-block-image is-style-rounded\"><figure class=\"aligncenter size-large is-resized\"><img loading=\"lazy\" decoding=\"async\" src=\"https:\/\/parenthesegourmande.fr\/wp-content\/uploads\/2021\/03\/148082979_3948985481854223_1909554403933986001_o-1-1020x1020.jpg\" alt=\"\" class=\"wp-image-1585\" width=\"510\" height=\"510\" srcset=\"https:\/\/parenthesegourmande.fr\/wp-content\/uploads\/2021\/03\/148082979_3948985481854223_1909554403933986001_o-1-1020x1020.jpg 1020w, https:\/\/parenthesegourmande.fr\/wp-content\/uploads\/2021\/03\/148082979_3948985481854223_1909554403933986001_o-1-632x632.jpg 632w, https:\/\/parenthesegourmande.fr\/wp-content\/uploads\/2021\/03\/148082979_3948985481854223_1909554403933986001_o-1-768x768.jpg 768w, https:\/\/parenthesegourmande.fr\/wp-content\/uploads\/2021\/03\/148082979_3948985481854223_1909554403933986001_o-1.jpg 1080w\" sizes=\"auto, (max-width: 510px) 100vw, 510px\" \/><\/figure><\/div>\n\n\n\n<p><\/p>\n\n\n\n<p>Pain d&rsquo;\u00e9pices  :  9 \u20ac le classique et 11 \u20ac orange confite  ( 8\/10 parts).<\/p>\n\n\n\n<p><\/p>\n\n\n\n<p>Sp\u00e9culoos  :  7 \u20ac les 10 biscuits.<\/p>\n\n\n\n<div class=\"wp-block-image is-style-rounded\"><figure class=\"aligncenter size-large is-resized\"><img loading=\"lazy\" decoding=\"async\" src=\"https:\/\/parenthesegourmande.fr\/wp-content\/uploads\/2021\/03\/156125239_4008030412616396_3787088009366714763_o-1020x1020.jpg\" alt=\"\" class=\"wp-image-1589\" width=\"510\" height=\"510\" srcset=\"https:\/\/parenthesegourmande.fr\/wp-content\/uploads\/2021\/03\/156125239_4008030412616396_3787088009366714763_o-1020x1020.jpg 1020w, https:\/\/parenthesegourmande.fr\/wp-content\/uploads\/2021\/03\/156125239_4008030412616396_3787088009366714763_o-632x632.jpg 632w, https:\/\/parenthesegourmande.fr\/wp-content\/uploads\/2021\/03\/156125239_4008030412616396_3787088009366714763_o-768x768.jpg 768w, https:\/\/parenthesegourmande.fr\/wp-content\/uploads\/2021\/03\/156125239_4008030412616396_3787088009366714763_o.jpg 1080w\" sizes=\"auto, (max-width: 510px) 100vw, 510px\" \/><\/figure><\/div>\n\n\n\n<p><\/p>\n\n\n\n<p><\/p>\n\n\n\n<p><\/p>\n\n\n\n<p><\/p>\n","protected":false},"excerpt":{"rendered":"<div class=\"entry-summary\">\nChocos au chocolat de votre choix, en vente \u00e0 l&rsquo;unit\u00e9 : 0.80\u20ac&hellip;\n<\/div>\n<div class=\"link-more\"><a href=\"https:\/\/parenthesegourmande.fr\/index.php\/gouters\/\" class=\"more-link\">Continue reading<span class=\"screen-reader-text\"> &ldquo;Go\u00fbters&rdquo;<\/span>&hellip;<\/a><\/div>\n","protected":false},"author":2,"featured_media":0,"parent":0,"menu_order":0,"comment_status":"closed","ping_status":"closed","template":"","meta":{"footnotes":""},"class_list":["post-1404","page","type-page","status-publish","hentry","entry"],"_links":{"self":[{"href":"https:\/\/parenthesegourmande.fr\/index.php\/wp-json\/wp\/v2\/pages\/1404","targetHints":{"allow":["GET"]}}],"collection":[{"href":"https:\/\/parenthesegourmande.fr\/index.php\/wp-json\/wp\/v2\/pages"}],"about":[{"href":"https:\/\/parenthesegourmande.fr\/index.php\/wp-json\/wp\/v2\/types\/page"}],"author":[{"embeddable":true,"href":"https:\/\/parenthesegourmande.fr\/index.php\/wp-json\/wp\/v2\/users\/2"}],"replies":[{"embeddable":true,"href":"https:\/\/parenthesegourmande.fr\/index.php\/wp-json\/wp\/v2\/comments?post=1404"}],"version-history":[{"count":12,"href":"https:\/\/parenthesegourmande.fr\/index.php\/wp-json\/wp\/v2\/pages\/1404\/revisions"}],"predecessor-version":[{"id":1703,"href":"https:\/\/parenthesegourmande.fr\/index.php\/wp-json\/wp\/v2\/pages\/1404\/revisions\/1703"}],"wp:attachment":[{"href":"https:\/\/parenthesegourmande.fr\/index.php\/wp-json\/wp\/v2\/media?parent=1404"}],"curies":[{"name":"wp","href":"https:\/\/api.w.org\/{rel}","templated":true}]}}