 {"id":1737,"date":"2022-06-01T10:17:33","date_gmt":"2022-06-01T09:17:33","guid":{"rendered":"http:\/\/parenthesegourmande.fr\/?page_id=1737"},"modified":"2022-06-01T10:17:33","modified_gmt":"2022-06-01T09:17:33","slug":"avis-2","status":"publish","type":"page","link":"https:\/\/parenthesegourmande.fr\/index.php\/avis-2\/","title":{"rendered":"Avis"},"content":{"rendered":"\n<p>Caroline&nbsp; : Premi\u00e8re commande pour des macarons, ils \u00e9taient d\u00e9licieux. Nous n&rsquo;h\u00e9siterons pas \u00e0 commander pour d&rsquo;autres p\u00e2tisseries !<\/p>\n\n\n\n<p>Ludivine&nbsp; :&nbsp;Je recommande tellement !!!Lorsque nous avons d\u00e9couvert la beaut\u00e9 du g\u00e2teau nous ne voulions pas le couper&#8230; et pourtant &#8230;. aussi beau que bon !!!Je vous souhaite beaucoup de r\u00e9ussite !Vous faites des merveilles !Je souligne votre gentillesse et disponibilit\u00e9 \u00e9galement !Une premi\u00e8re exp\u00e9rience avec vous pour les 1an de notre fille et je n h\u00e9siterai pas \u00e0 faire appel \u00e0 vous pour les prochains anniversaires ou \u00e9v\u00e9nements !<\/p>\n\n\n\n<p>Julie&nbsp; :&nbsp; macarons, cake design, brioches,&#8230; aussi beaux que bons, des merveilles \u00e0 partager avec d\u00e9lectation et sans mod\u00e9ration :))) merci St\u00e9phanie!<\/p>\n\n\n\n<p>Aur\u00e9lia&nbsp; :&nbsp;Un g\u00e2teau visuellement magnifique et aussi bon que beau <img loading=\"lazy\" decoding=\"async\" src=\"https:\/\/static.xx.fbcdn.net\/images\/emoji.php\/v9\/t57\/1.5\/16\/1f44f.png\" alt=\"&#x1f44f;\" width=\"16\" height=\"16\"><img loading=\"lazy\" decoding=\"async\" src=\"https:\/\/static.xx.fbcdn.net\/images\/emoji.php\/v9\/t57\/1.5\/16\/1f44f.png\" alt=\"&#x1f44f;\" width=\"16\" height=\"16\"><img loading=\"lazy\" decoding=\"async\" src=\"https:\/\/static.xx.fbcdn.net\/images\/emoji.php\/v9\/t57\/1.5\/16\/1f44f.png\" alt=\"&#x1f44f;\" width=\"16\" height=\"16\">Un vrai r\u00e9gal, merci <img loading=\"lazy\" decoding=\"async\" src=\"https:\/\/static.xx.fbcdn.net\/images\/emoji.php\/v9\/td8\/1.5\/16\/1f60a.png\" alt=\"&#x1f60a;\" width=\"16\" height=\"16\"><\/p>\n\n\n\n<p>Mathilde&nbsp; :&nbsp;Un g\u00e2teau excellent,appr\u00e9ci\u00e9 de tous au niveau des go\u00fbts. Et une d\u00e9co au top!On ne pouvait pas esp\u00e9rer mieux!Merci \u00e0 vous<\/p>\n\n\n\n<p>Delphine&nbsp; :&nbsp; Un vrai r\u00e9gal \u00e0 chaque fois <img loading=\"lazy\" decoding=\"async\" src=\"https:\/\/static.xx.fbcdn.net\/images\/emoji.php\/v9\/t59\/1.5\/16\/1f60b.png\" alt=\"&#x1f60b;\" width=\"16\" height=\"16\"> !!! Les g\u00e2teaux confectionn\u00e9s par St\u00e9phanie sont magnifiques et excellents !!!! St\u00e9phanie est toujours r\u00e9active et tr\u00e8s agr\u00e9able !!! Seul regret : que nous habitions si loin pour ne pas en profiter plus souvent&#8230; je recommande les yeux ferm\u00e9s !!!<\/p>\n\n\n\n<p>Laureen&nbsp; :&nbsp; C&rsquo;est la deuxi\u00e8me fois que je commande chez vous pour l&rsquo;anniversaire de ma fille et nous sommes ravis \u00e0 chaque fois ! Mille mercis d&rsquo;avoir mis des \u00e9toiles dans les yeux de ma puce avec ce si joli g\u00e2teau que tous les invit\u00e9s ont ador\u00e9 d&rsquo;ailleurs ! A bient\u00f4t <img loading=\"lazy\" decoding=\"async\" src=\"https:\/\/static.xx.fbcdn.net\/images\/emoji.php\/v9\/td8\/1.5\/16\/1f60a.png\" alt=\"&#x1f60a;\" width=\"16\" height=\"16\"><\/p>\n\n\n\n<p>M\u00e9lanie&nbsp; :&nbsp;Fabuleux ! Non seulement les g\u00e2teaux sont beaux mais en plus ils sont excellents. Vous avez r\u00e9gal\u00e9 mes invit\u00e9s. Les quantit\u00e9s sont gourmandes .Rien \u00e0 redire .Je ne peux que largement recommand\u00e9.<\/p>\n\n\n\n<p>Alice&nbsp; :&nbsp;Merci beaucoup pour la prestation lors de notre anniversaire.des g\u00e2teaux tr\u00e8s r\u00e9ussis. le number cake aussi beau que bon!vous avez \u00e9t\u00e9 de tr\u00e8s bon conseil pour que tout rentre dans le budget en mixant tartes et number cakes.merci beaucoup et \u00e0 une prochaine fois!<\/p>\n\n\n\n<p>Gwenaelle&nbsp; : N\u2019h\u00e9sitez pas! Si vous voulez faire plaisir, vous \u00eates au bon endroit !Ma fille a \u00e9t\u00e9 ravie pour ses 6 ans de souffler sa bougie sur un cake design d\u00e9cor\u00e9 d\u2019un joli poney!Merci <img loading=\"lazy\" decoding=\"async\" src=\"https:\/\/static.xx.fbcdn.net\/images\/emoji.php\/v9\/td8\/1.5\/16\/1f60a.png\" alt=\"&#x1f60a;\" width=\"16\" height=\"16\"><\/p>\n\n\n\n<p>Sonya&nbsp; :&nbsp;Tellement beau et tellement bon. Je referais confiance \u00e0 100%! Merci.<\/p>\n\n\n\n<p>Aur\u00e9lie&nbsp; :&nbsp;merci pour ces magnifiques g\u00e2teaux, et tellement bons! parenth\u00e8se gourmande est tr\u00e8s disponible et de tr\u00e8s bon conseil je recommande vivement!<\/p>\n\n\n\n<p>Marine&nbsp; :&nbsp; G\u00e2teau sublime et excellent! Stephanie est \u00e0 l\u2019\u00e9coute de nos attentes, donne de bon conseils et est tr\u00e8s sympathique! Encore un grand merci!<\/p>\n\n\n\n<p>C\u00e9line&nbsp; :&nbsp; Super contente des services de Parenth\u00e8se Gourmande!! Personne tr\u00e8s \u00e0 l&rsquo;\u00e9coute qui a compl\u00e8tement cern\u00e9 nos go\u00fbts, le g\u00e2teau \u00e9tait magnifique et tr\u00e8s bon!! Je recommande sans h\u00e9siter!<\/p>\n\n\n\n<p>C\u00e9cile&nbsp; :&nbsp; Jamais d\u00e9\u00e7ue avec Stephanie !!! 5 ans que je lui fais confiance et ma puce a \u00e9t\u00e9 encore plus que ravie aujourd&rsquo;hui avec son g\u00e2teau sur le th\u00e8me de l&rsquo;oc\u00e9an !! tout le monde s est r\u00e9gal\u00e9 !! encore merci <img loading=\"lazy\" decoding=\"async\" src=\"https:\/\/static.xx.fbcdn.net\/images\/emoji.php\/v9\/tce\/1.5\/16\/1f618.png\" alt=\"&#x1f618;\" width=\"16\" height=\"16\"><img loading=\"lazy\" decoding=\"async\" src=\"https:\/\/static.xx.fbcdn.net\/images\/emoji.php\/v9\/tce\/1.5\/16\/1f618.png\" alt=\"&#x1f618;\" width=\"16\" height=\"16\"><\/p>\n\n\n\n<p>Vanille&nbsp; :&nbsp; Un cake design th\u00e8me \u00ab\u00a0Baby Boss + cupecake \u00ab\u00a0pour les 1 an de mon fils Noah. Et un number cake \u00ab\u00a03\u00a0\u00bb th\u00e8me Mickey pour les 3 ans de mon fils a\u00een\u00e9. Un vrai d\u00e9lice <img loading=\"lazy\" decoding=\"async\" src=\"https:\/\/static.xx.fbcdn.net\/images\/emoji.php\/v9\/t59\/1.5\/16\/1f60b.png\" alt=\"&#x1f60b;\" width=\"16\" height=\"16\"> g\u00e2teaux magnifiques et excellents <img loading=\"lazy\" decoding=\"async\" src=\"https:\/\/static.xx.fbcdn.net\/images\/emoji.php\/v9\/t59\/1.5\/16\/1f60b.png\" alt=\"&#x1f60b;\" width=\"16\" height=\"16\"> les invit\u00e9s ravis ! \u00c0 l&rsquo;\u00e9coute, tr\u00e8s serviable et de tr\u00e8s bons conseils. Merci beaucoup !<img loading=\"lazy\" decoding=\"async\" src=\"https:\/\/static.xx.fbcdn.net\/images\/emoji.php\/v9\/t43\/1.5\/16\/1f970.png\" alt=\"&#x1f970;\" width=\"16\" height=\"16\"> Anniversaire au top !<img loading=\"lazy\" decoding=\"async\" src=\"https:\/\/static.xx.fbcdn.net\/images\/emoji.php\/v9\/t93\/1.5\/16\/1f44d_1f3fe.png\" alt=\"&#x1f44d;&#x1f3fe;\" width=\"16\" height=\"16\"><img loading=\"lazy\" decoding=\"async\" src=\"https:\/\/static.xx.fbcdn.net\/images\/emoji.php\/v9\/tb0\/1.5\/16\/1f609.png\" alt=\"&#x1f609;\" width=\"16\" height=\"16\"><\/p>\n\n\n\n<p>Josiane&nbsp; :&nbsp; acheter un g\u00e2teau \u00ab\u00a0parenth\u00e8se gourmande\u00a0\u00bb c&rsquo;est d&rsquo;abord un ravissement pour les pupilles, tout le monde fait ah, oh!!!!!! et ensuite, lorsqu&rsquo;on le d\u00e9guste \u2026\u2026\u2026 c&rsquo;est le silence, parce que c&rsquo;est un ravissement pour les papilles \u2026\u2026\u2026 d\u00e9licieux, admirablement con\u00e7us. Merci pour ce bonheur partag\u00e9 !<\/p>\n\n\n\n<p>Val\u00e9rie&nbsp; :&nbsp; Travail soign\u00e9, g\u00e2teau l\u00e9ger malgr\u00e9 les apparences, d\u00e9licieux et qui a bien r\u00e9pondu au th\u00e8me souhait\u00e9 avec de l\u2019originalit\u00e9. La p\u00e2tissi\u00e8re est parfaitement \u00e0 l\u2019\u00e9coute de sa client\u00e8le et tr\u00e8s disponible&#8230; Tr\u00e8s appr\u00e9ciable&#8230; Bravo et merci infiniment ! Je recommande vivement <img loading=\"lazy\" decoding=\"async\" src=\"https:\/\/static.xx.fbcdn.net\/images\/emoji.php\/v9\/t59\/1.5\/16\/1f60b.png\" alt=\"&#x1f60b;\" width=\"16\" height=\"16\"><img loading=\"lazy\" decoding=\"async\" src=\"https:\/\/static.xx.fbcdn.net\/images\/emoji.php\/v9\/t57\/1.5\/16\/1f44f.png\" alt=\"&#x1f44f;\" width=\"16\" height=\"16\"><img loading=\"lazy\" decoding=\"async\" src=\"https:\/\/static.xx.fbcdn.net\/images\/emoji.php\/v9\/t27\/1.5\/16\/1f600.png\" alt=\"&#x1f600;\" width=\"16\" height=\"16\"><img loading=\"lazy\" decoding=\"async\" src=\"https:\/\/static.xx.fbcdn.net\/images\/emoji.php\/v9\/td4\/1.5\/16\/1f44c.png\" alt=\"&#x1f44c;\" width=\"16\" height=\"16\">.<\/p>\n\n\n\n<p>Monique&nbsp; :&nbsp; Un travail extr\u00eamement soign\u00e9 de la commande \u00e0 la livraison et une prestation de grande qualit\u00e9 !! Un magnifique g\u00e2teau d&rsquo;anniversaire pour les 2 ans de notre fille aussi bon que beau, accompagn\u00e9 d&rsquo;un service irr\u00e9prochable. Bravo et encore merci pour cette belle licorne dont Romane nous parle encore!\ufffd\ufffd<\/p>\n\n\n\n<p>Mathilde&nbsp; :&nbsp; Superbe travail r\u00e9alis\u00e9 par cette formidable p\u00e2tissi\u00e8re! L esth\u00e9tique et le go\u00fbt tout est l\u00e0! Et le sourire et la sympathie de St\u00e9phanie rendent ce service encore plus appr\u00e9ciable! Bravo pour ces magnifiques g\u00e2teaux pour nos 10ans de mariage! Un Grand MERCI pour avoir contribu\u00e9 \u00e0 rendre cette soir\u00e9e au top\ufffd\ufffd<\/p>\n\n\n\n<p>S\u00e9verine&nbsp; :&nbsp; Je recommande +++ ! G\u00e2teau magnifique , travail tr\u00e8s soign\u00e9 , et de plus tr\u00e8s bon ! Tuto pour la d\u00e9coupe tr\u00e8s appr\u00e9ci\u00e9 ! Personne tr\u00e8s agr\u00e9able et disponible et surtout \u00e0 tr\u00e8s l\u2019\u00e9coute ! H\u00e2te de renouveler cette exp\u00e9rience !<\/p>\n\n\n\n<p>Christine&nbsp; :bravo St\u00e9phanie<\/p>\n\n\n\n<p>les g\u00e2teaux \u00e9taient excellents le royal divin, ce petit croustillant en bouche terminait magnifiquement ce g\u00e2teau, quant au framboisier il \u00e9tait tout en l\u00e9g\u00e8ret\u00e9 et fra\u00eecheur.<\/p>\n\n\n\n<p>tr\u00e8s tr\u00e8s bon \u00e9galement.<\/p>\n\n\n\n<p>vous avez gagn\u00e9 une nouvelle cliente.. vos gateaux ont eu un grand succ\u00e8s aupr\u00e8s de mes invit\u00e9s&#8230; Tout \u00e9tait PARFAIT.. encore BRAVO !<\/p>\n\n\n\n<p>Julie&nbsp; :&nbsp; Aussi bon que beau! Et \u00e7a reste le plus important!:) une personne passionn\u00e9e et consciencieuse, appliqu\u00e9e et sympathique (m\u00eame si nous ne sommes jamais rencontr\u00e9es de visu) bref confiez lui sans h\u00e9sitation votre g\u00e2teau et laissez vous surprendre!!!! Bonne continuation \u00e0 vous Stephanie et \u00e0 bient\u00f4t!<\/p>\n\n\n\n<p>Ambre&nbsp; :&nbsp; Travail sublime pour le 1er g\u00e2teau que j&rsquo;ai os\u00e9 faire faire pr le bapt\u00eame de mon fils. Je suis conquise! Un cake design, des sabl\u00e9s et des macarons assortis, une d\u00e9co d&rsquo;enfer, merci encore beaucoup \ufffd<\/p>\n\n\n\n<p>Mathilde&nbsp; :&nbsp; Ils sont tellement beaux (et bons) qu\u2019ils se suffisent \u00e0 eux m\u00eame, le wahou et tjs garanti avec vous <img decoding=\"async\" src=\"https:\/\/static.xx.fbcdn.net\/images\/emoji.php\/v9\/t5b\/1.5\/16\/1f60d.png\" alt=\"&#x1f60d;\"> Mille mercis, comme \u00e0 votre habitude, tout \u00e9tait plus que parfait&#8230;<br>Je suis trop contente de vous avoir laiss\u00e9 choisir pour la d\u00e9co, c\u2019\u00e9tait tr\u00e8s beau, tout ce que j\u2019aime&#8230;<br>Les prochains g\u00e2teaux, je vous laisse carte blanche <img decoding=\"async\" src=\"https:\/\/static.xx.fbcdn.net\/images\/emoji.php\/v9\/tb0\/1.5\/16\/1f609.png\" alt=\"&#x1f609;\"><br>C\u2019est tellement agr\u00e9able d\u2019avoir \u00e0 faire \u00e0 des personnes professionnelles, qui aiment ce qu\u2019elles font, et qui ont si bons go\u00fbts, c\u2019est devenu rare mais tellement appr\u00e9ciable.<br>Vous \u00eates merveilleuse, \u00e0 l\u2019image de vos g\u00e2teaux.<\/p>\n","protected":false},"excerpt":{"rendered":"<div class=\"entry-summary\">\nCaroline&nbsp; : Premi\u00e8re commande pour des macarons, ils \u00e9taient d\u00e9licieux. Nous n&rsquo;h\u00e9siterons&hellip;\n<\/div>\n<div class=\"link-more\"><a href=\"https:\/\/parenthesegourmande.fr\/index.php\/avis-2\/\" class=\"more-link\">Continue reading<span class=\"screen-reader-text\"> &ldquo;Avis&rdquo;<\/span>&hellip;<\/a><\/div>\n","protected":false},"author":2,"featured_media":0,"parent":0,"menu_order":0,"comment_status":"closed","ping_status":"closed","template":"","meta":{"footnotes":""},"class_list":["post-1737","page","type-page","status-publish","hentry","entry"],"_links":{"self":[{"href":"https:\/\/parenthesegourmande.fr\/index.php\/wp-json\/wp\/v2\/pages\/1737","targetHints":{"allow":["GET"]}}],"collection":[{"href":"https:\/\/parenthesegourmande.fr\/index.php\/wp-json\/wp\/v2\/pages"}],"about":[{"href":"https:\/\/parenthesegourmande.fr\/index.php\/wp-json\/wp\/v2\/types\/page"}],"author":[{"embeddable":true,"href":"https:\/\/parenthesegourmande.fr\/index.php\/wp-json\/wp\/v2\/users\/2"}],"replies":[{"embeddable":true,"href":"https:\/\/parenthesegourmande.fr\/index.php\/wp-json\/wp\/v2\/comments?post=1737"}],"version-history":[{"count":1,"href":"https:\/\/parenthesegourmande.fr\/index.php\/wp-json\/wp\/v2\/pages\/1737\/revisions"}],"predecessor-version":[{"id":1739,"href":"https:\/\/parenthesegourmande.fr\/index.php\/wp-json\/wp\/v2\/pages\/1737\/revisions\/1739"}],"wp:attachment":[{"href":"https:\/\/parenthesegourmande.fr\/index.php\/wp-json\/wp\/v2\/media?parent=1737"}],"curies":[{"name":"wp","href":"https:\/\/api.w.org\/{rel}","templated":true}]}}