 {"id":1741,"date":"2022-06-01T10:20:40","date_gmt":"2022-06-01T09:20:40","guid":{"rendered":"http:\/\/parenthesegourmande.fr\/?page_id=1741"},"modified":"2024-04-02T08:39:16","modified_gmt":"2024-04-02T07:39:16","slug":"cupcakes","status":"publish","type":"page","link":"https:\/\/parenthesegourmande.fr\/index.php\/cupcakes\/","title":{"rendered":"Cupcakes"},"content":{"rendered":"<ul>\n<li><em><strong>Parfums mini cupcakes :<\/strong><\/em><em><strong><br><\/strong><\/em><br>&#8211; Cupcakes vanille, coeur framboise, topping vanille.<br>&#8211; Cupcakes citron, coeur Lemon-curd, topping meringu\u00e9.<br>&#8211; Cupcakes chocolat, c\u0153ur caramel au beurre sal\u00e9, topping vanille, \u00e9clats de fruits secs.<br>&#8211; Cupcakes chocolat, c\u0153ur framboise, topping vanille.<br>&#8211; Cupcakes chocolat, c\u0153ur chocolat, topping vanille, \u00e9clats de fruits secs.<br>&#8211; Cupcakes chocolat, c\u0153ur noix de coco \/chocolat blanc, topping vanille, noix de coco r\u00e2p\u00e9e.- Cupcakes chocolat, coeur pralin\u00e9 maison, topping vanille, \u00e9clats fruits secs.<\/li>\n<\/ul>\n<p><strong>&nbsp;<\/strong><\/p>\n<ul>\n<li><strong>Tarifs mini-cupcakes :&nbsp;<\/strong> 22\u20ac la boite de 12.<\/li>\n<\/ul>\n<p>(Un parfum au choix tous les 12 mini-cupcakes)<\/p>\n<p><strong>Personnalisation&nbsp; :&nbsp; 5\u20ac de suppl\u00e9ment par boite.<\/strong><\/p>\n<p><span style=\"color: #6a6c6e;\"><span style=\"font-family: Quicksand, Helvetica Neue, Helvetica, Arial, sans-serif;\"><span style=\"font-size: medium;\">Allerg\u00e8nes utilis\u00e9s : c\u00e9r\u00e9ales contenant du gluten (bl\u00e9), \u0153ufs et produits \u00e0 base d\u2019\u0153ufs, arachides et produits \u00e0 base d\u2019arachides, soja et produits \u00e0 base de soja, lait et produits \u00e0 base de lait, fruits \u00e0 coque et produits \u00e0 base de fruits \u00e0 coque.<\/span><\/span><\/span><\/p>\n\n<div class=\"wp-block-image is-style-rounded\">\n<figure class=\"aligncenter size-large is-resized\"><img loading=\"lazy\" decoding=\"async\" src=\"https:\/\/parenthesegourmande.fr\/wp-content\/uploads\/2016\/04\/P1150819-1020x765.jpg\" alt=\"\" class=\"wp-image-992\" width=\"510\" height=\"383\" srcset=\"https:\/\/parenthesegourmande.fr\/wp-content\/uploads\/2016\/04\/P1150819-1020x765.jpg 1020w, https:\/\/parenthesegourmande.fr\/wp-content\/uploads\/2016\/04\/P1150819-632x474.jpg 632w, https:\/\/parenthesegourmande.fr\/wp-content\/uploads\/2016\/04\/P1150819-768x576.jpg 768w\" sizes=\"auto, (max-width: 510px) 100vw, 510px\" \/><\/figure>\n<\/div>\n\n<div class=\"wp-block-image is-style-rounded\">\n<figure class=\"aligncenter size-large is-resized\"><img loading=\"lazy\" decoding=\"async\" src=\"https:\/\/parenthesegourmande.fr\/wp-content\/uploads\/2016\/04\/P1180528-1020x765.jpg\" alt=\"\" class=\"wp-image-947\" width=\"510\" height=\"383\" srcset=\"https:\/\/parenthesegourmande.fr\/wp-content\/uploads\/2016\/04\/P1180528-1020x765.jpg 1020w, https:\/\/parenthesegourmande.fr\/wp-content\/uploads\/2016\/04\/P1180528-632x474.jpg 632w, https:\/\/parenthesegourmande.fr\/wp-content\/uploads\/2016\/04\/P1180528-768x576.jpg 768w\" sizes=\"auto, (max-width: 510px) 100vw, 510px\" \/><\/figure>\n<\/div>\n\n<div class=\"wp-block-image is-style-rounded\">\n<figure class=\"aligncenter size-large is-resized\"><img loading=\"lazy\" decoding=\"async\" src=\"https:\/\/parenthesegourmande.fr\/wp-content\/uploads\/2021\/01\/120576322_3600504706702304_2877350371332550522_o-1020x1020.jpg\" alt=\"\" class=\"wp-image-1489\" width=\"510\" height=\"510\" srcset=\"https:\/\/parenthesegourmande.fr\/wp-content\/uploads\/2021\/01\/120576322_3600504706702304_2877350371332550522_o-1020x1020.jpg 1020w, https:\/\/parenthesegourmande.fr\/wp-content\/uploads\/2021\/01\/120576322_3600504706702304_2877350371332550522_o-632x632.jpg 632w, https:\/\/parenthesegourmande.fr\/wp-content\/uploads\/2021\/01\/120576322_3600504706702304_2877350371332550522_o-768x768.jpg 768w, https:\/\/parenthesegourmande.fr\/wp-content\/uploads\/2021\/01\/120576322_3600504706702304_2877350371332550522_o.jpg 1440w\" sizes=\"auto, (max-width: 510px) 100vw, 510px\" \/><\/figure>\n<\/div>\n\n<div class=\"wp-block-image is-style-rounded\">\n<figure class=\"aligncenter size-medium\"><img loading=\"lazy\" decoding=\"async\" width=\"632\" height=\"632\" src=\"https:\/\/parenthesegourmande.fr\/wp-content\/uploads\/2024\/03\/331503047_1290902284806693_7595191051912668440_n-632x632.jpg\" alt=\"\" class=\"wp-image-2012\" srcset=\"https:\/\/parenthesegourmande.fr\/wp-content\/uploads\/2024\/03\/331503047_1290902284806693_7595191051912668440_n-632x632.jpg 632w, https:\/\/parenthesegourmande.fr\/wp-content\/uploads\/2024\/03\/331503047_1290902284806693_7595191051912668440_n-1020x1020.jpg 1020w, https:\/\/parenthesegourmande.fr\/wp-content\/uploads\/2024\/03\/331503047_1290902284806693_7595191051912668440_n-768x768.jpg 768w, https:\/\/parenthesegourmande.fr\/wp-content\/uploads\/2024\/03\/331503047_1290902284806693_7595191051912668440_n.jpg 1080w\" sizes=\"auto, (max-width: 632px) 100vw, 632px\" \/><\/figure>\n<\/div>\n\n\n<figure class=\"wp-block-gallery has-nested-images columns-default is-cropped wp-block-gallery-1 is-layout-flex wp-block-gallery-is-layout-flex\">\n<figure class=\"wp-block-image size-medium is-style-rounded\"><img loading=\"lazy\" decoding=\"async\" width=\"632\" height=\"632\" data-id=\"2050\" src=\"https:\/\/parenthesegourmande.fr\/wp-content\/uploads\/2024\/04\/347821389_6083128908449861_4642476896460810623_n-632x632.jpg\" alt=\"\" class=\"wp-image-2050\" srcset=\"https:\/\/parenthesegourmande.fr\/wp-content\/uploads\/2024\/04\/347821389_6083128908449861_4642476896460810623_n-632x632.jpg 632w, https:\/\/parenthesegourmande.fr\/wp-content\/uploads\/2024\/04\/347821389_6083128908449861_4642476896460810623_n-1020x1020.jpg 1020w, https:\/\/parenthesegourmande.fr\/wp-content\/uploads\/2024\/04\/347821389_6083128908449861_4642476896460810623_n-768x768.jpg 768w, https:\/\/parenthesegourmande.fr\/wp-content\/uploads\/2024\/04\/347821389_6083128908449861_4642476896460810623_n.jpg 1080w\" sizes=\"auto, (max-width: 632px) 100vw, 632px\" \/><\/figure>\n<\/figure>\n\n\n","protected":false},"excerpt":{"rendered":"<div class=\"entry-summary\">\nParfums mini cupcakes :&#8211; Cupcakes vanille, coeur framboise, topping vanille.&#8211; Cupcakes citron,&hellip;\n<\/div>\n<div class=\"link-more\"><a href=\"https:\/\/parenthesegourmande.fr\/index.php\/cupcakes\/\" class=\"more-link\">Continue reading<span class=\"screen-reader-text\"> &ldquo;Cupcakes&rdquo;<\/span>&hellip;<\/a><\/div>\n","protected":false},"author":2,"featured_media":0,"parent":0,"menu_order":0,"comment_status":"closed","ping_status":"closed","template":"","meta":{"footnotes":""},"class_list":["post-1741","page","type-page","status-publish","hentry","entry"],"_links":{"self":[{"href":"https:\/\/parenthesegourmande.fr\/index.php\/wp-json\/wp\/v2\/pages\/1741","targetHints":{"allow":["GET"]}}],"collection":[{"href":"https:\/\/parenthesegourmande.fr\/index.php\/wp-json\/wp\/v2\/pages"}],"about":[{"href":"https:\/\/parenthesegourmande.fr\/index.php\/wp-json\/wp\/v2\/types\/page"}],"author":[{"embeddable":true,"href":"https:\/\/parenthesegourmande.fr\/index.php\/wp-json\/wp\/v2\/users\/2"}],"replies":[{"embeddable":true,"href":"https:\/\/parenthesegourmande.fr\/index.php\/wp-json\/wp\/v2\/comments?post=1741"}],"version-history":[{"count":6,"href":"https:\/\/parenthesegourmande.fr\/index.php\/wp-json\/wp\/v2\/pages\/1741\/revisions"}],"predecessor-version":[{"id":2051,"href":"https:\/\/parenthesegourmande.fr\/index.php\/wp-json\/wp\/v2\/pages\/1741\/revisions\/2051"}],"wp:attachment":[{"href":"https:\/\/parenthesegourmande.fr\/index.php\/wp-json\/wp\/v2\/media?parent=1741"}],"curies":[{"name":"wp","href":"https:\/\/api.w.org\/{rel}","templated":true}]}}