 {"id":251,"date":"2016-04-26T13:23:40","date_gmt":"2016-04-26T12:23:40","guid":{"rendered":"http:\/\/parenthesegourmande.fr\/?page_id=251"},"modified":"2016-04-27T16:28:49","modified_gmt":"2016-04-27T15:28:49","slug":"galerie-photos","status":"publish","type":"page","link":"https:\/\/parenthesegourmande.fr\/index.php\/galerie-photos\/","title":{"rendered":"Galerie photos"},"content":{"rendered":"<p><em><span style=\"text-decoration: underline;\"><a href=\"https:\/\/parenthesegourmande.fr\/index.php\/galerie-photos\/Photos-Cake-Design\">Photos Cake-Design<\/a><\/span><\/em><\/p>\n<p><span style=\"text-decoration: underline;\"><em><a href=\"https:\/\/parenthesegourmande.fr\/index.php\/photos-cupcakes\/\">Photos Cupcakes<\/a><\/em><\/span><\/p>\n<p><span style=\"text-decoration: underline;\"><em><a href=\"https:\/\/parenthesegourmande.fr\/index.php\/photos-patisserie-traditionnelle\/\">Photos\u00a0patisserie traditionnelle<\/a><\/em><\/span><\/p>\n<p><span style=\"text-decoration: underline;\"><em><a href=\"https:\/\/parenthesegourmande.fr\/index.php\/photos-sables-decores\/\">Photos\u00a0sabl\u00e9s d\u00e9cor\u00e9s<\/a><\/em><\/span><\/p>\n","protected":false},"excerpt":{"rendered":"<div class=\"entry-summary\">\nPhotos Cake-Design Photos Cupcakes Photos\u00a0patisserie traditionnelle Photos\u00a0sabl\u00e9s d\u00e9cor\u00e9s\n<\/div>\n<div class=\"link-more\"><a href=\"https:\/\/parenthesegourmande.fr\/index.php\/galerie-photos\/\" class=\"more-link\">Continue reading<span class=\"screen-reader-text\"> &ldquo;Galerie photos&rdquo;<\/span>&hellip;<\/a><\/div>\n","protected":false},"author":1,"featured_media":0,"parent":0,"menu_order":0,"comment_status":"closed","ping_status":"closed","template":"page-template\/_fullwidth.php","meta":{"footnotes":""},"class_list":["post-251","page","type-page","status-publish","hentry","entry"],"_links":{"self":[{"href":"https:\/\/parenthesegourmande.fr\/index.php\/wp-json\/wp\/v2\/pages\/251","targetHints":{"allow":["GET"]}}],"collection":[{"href":"https:\/\/parenthesegourmande.fr\/index.php\/wp-json\/wp\/v2\/pages"}],"about":[{"href":"https:\/\/parenthesegourmande.fr\/index.php\/wp-json\/wp\/v2\/types\/page"}],"author":[{"embeddable":true,"href":"https:\/\/parenthesegourmande.fr\/index.php\/wp-json\/wp\/v2\/users\/1"}],"replies":[{"embeddable":true,"href":"https:\/\/parenthesegourmande.fr\/index.php\/wp-json\/wp\/v2\/comments?post=251"}],"version-history":[{"count":7,"href":"https:\/\/parenthesegourmande.fr\/index.php\/wp-json\/wp\/v2\/pages\/251\/revisions"}],"predecessor-version":[{"id":494,"href":"https:\/\/parenthesegourmande.fr\/index.php\/wp-json\/wp\/v2\/pages\/251\/revisions\/494"}],"wp:attachment":[{"href":"https:\/\/parenthesegourmande.fr\/index.php\/wp-json\/wp\/v2\/media?parent=251"}],"curies":[{"name":"wp","href":"https:\/\/api.w.org\/{rel}","templated":true}]}}