 {"id":254,"date":"2016-04-26T13:24:18","date_gmt":"2016-04-26T12:24:18","guid":{"rendered":"http:\/\/parenthesegourmande.fr\/?page_id=254"},"modified":"2016-04-27T16:29:12","modified_gmt":"2016-04-27T15:29:12","slug":"photos-cake-design","status":"publish","type":"page","link":"https:\/\/parenthesegourmande.fr\/index.php\/photos-cake-design\/","title":{"rendered":"Photos Cake-Design"},"content":{"rendered":"<p><span style=\"text-decoration: underline;\"><em><a href=\"https:\/\/parenthesegourmande.fr\/index.php\/bebes-et-tout-petits\/\">B\u00e9b\u00e9s et tout petits<\/a><\/em><\/span><\/p>\n<p><span style=\"text-decoration: underline;\"><em><a href=\"https:\/\/parenthesegourmande.fr\/index.php\/passions-et-metiers\/\">Passions et m\u00e9tiers<\/a><\/em><\/span><\/p>\n<p><span style=\"text-decoration: underline;\"><em><a href=\"https:\/\/parenthesegourmande.fr\/index.php\/Adultes\/\">Adultes<\/a><\/em><\/span><\/p>\n<p><span style=\"text-decoration: underline;\"><em><a href=\"https:\/\/parenthesegourmande.fr\/index.php\/baby-shower\/\">Baby-Shower<\/a><\/em><\/span><\/p>\n<p><span style=\"text-decoration: underline;\"><em><a href=\"https:\/\/parenthesegourmande.fr\/index.php\/enfants\/\">Enfants<\/a><\/em><\/span><\/p>\n<p><span style=\"text-decoration: underline;\"><em><a href=\"https:\/\/parenthesegourmande.fr\/index.php\/modelages\/\">Modelages<\/a><\/em><\/span><\/p>\n<p><span style=\"text-decoration: underline;\"><em><a href=\"https:\/\/parenthesegourmande.fr\/index.php\/sports\/\">Sports<\/a><\/em><\/span><\/p>\n","protected":false},"excerpt":{"rendered":"<div class=\"entry-summary\">\nB\u00e9b\u00e9s et tout petits Passions et m\u00e9tiers Adultes Baby-Shower Enfants Modelages Sports\n<\/div>\n<div class=\"link-more\"><a href=\"https:\/\/parenthesegourmande.fr\/index.php\/photos-cake-design\/\" class=\"more-link\">Continue reading<span class=\"screen-reader-text\"> &ldquo;Photos Cake-Design&rdquo;<\/span>&hellip;<\/a><\/div>\n","protected":false},"author":1,"featured_media":0,"parent":0,"menu_order":0,"comment_status":"closed","ping_status":"closed","template":"","meta":{"footnotes":""},"class_list":["post-254","page","type-page","status-publish","hentry","entry"],"_links":{"self":[{"href":"https:\/\/parenthesegourmande.fr\/index.php\/wp-json\/wp\/v2\/pages\/254","targetHints":{"allow":["GET"]}}],"collection":[{"href":"https:\/\/parenthesegourmande.fr\/index.php\/wp-json\/wp\/v2\/pages"}],"about":[{"href":"https:\/\/parenthesegourmande.fr\/index.php\/wp-json\/wp\/v2\/types\/page"}],"author":[{"embeddable":true,"href":"https:\/\/parenthesegourmande.fr\/index.php\/wp-json\/wp\/v2\/users\/1"}],"replies":[{"embeddable":true,"href":"https:\/\/parenthesegourmande.fr\/index.php\/wp-json\/wp\/v2\/comments?post=254"}],"version-history":[{"count":4,"href":"https:\/\/parenthesegourmande.fr\/index.php\/wp-json\/wp\/v2\/pages\/254\/revisions"}],"predecessor-version":[{"id":495,"href":"https:\/\/parenthesegourmande.fr\/index.php\/wp-json\/wp\/v2\/pages\/254\/revisions\/495"}],"wp:attachment":[{"href":"https:\/\/parenthesegourmande.fr\/index.php\/wp-json\/wp\/v2\/media?parent=254"}],"curies":[{"name":"wp","href":"https:\/\/api.w.org\/{rel}","templated":true}]}}