 {"id":257,"date":"2016-04-26T13:24:50","date_gmt":"2016-04-26T12:24:50","guid":{"rendered":"http:\/\/parenthesegourmande.fr\/?page_id=257"},"modified":"2019-01-17T17:56:53","modified_gmt":"2019-01-17T16:56:53","slug":"photos-sables-decores","status":"publish","type":"page","link":"https:\/\/parenthesegourmande.fr\/index.php\/photos-sables-decores\/","title":{"rendered":"Photos sabl\u00e9s d\u00e9cor\u00e9s"},"content":{"rendered":"<p><img loading=\"lazy\" decoding=\"async\" class=\"size-medium wp-image-897 aligncenter\" src=\"https:\/\/parenthesegourmande.fr\/wp-content\/uploads\/2016\/04\/P1170269-632x474.jpg\" alt=\"P1170269\" width=\"632\" height=\"474\" srcset=\"https:\/\/parenthesegourmande.fr\/wp-content\/uploads\/2016\/04\/P1170269-632x474.jpg 632w, https:\/\/parenthesegourmande.fr\/wp-content\/uploads\/2016\/04\/P1170269-768x576.jpg 768w, https:\/\/parenthesegourmande.fr\/wp-content\/uploads\/2016\/04\/P1170269-1020x765.jpg 1020w\" sizes=\"auto, (max-width: 632px) 100vw, 632px\" \/><\/p>\n<p><img loading=\"lazy\" decoding=\"async\" class=\"size-medium wp-image-898 aligncenter\" src=\"https:\/\/parenthesegourmande.fr\/wp-content\/uploads\/2016\/04\/P1170271-632x474.jpg\" alt=\"P1170271\" width=\"632\" height=\"474\" srcset=\"https:\/\/parenthesegourmande.fr\/wp-content\/uploads\/2016\/04\/P1170271-632x474.jpg 632w, https:\/\/parenthesegourmande.fr\/wp-content\/uploads\/2016\/04\/P1170271-768x576.jpg 768w, https:\/\/parenthesegourmande.fr\/wp-content\/uploads\/2016\/04\/P1170271-1020x765.jpg 1020w\" sizes=\"auto, (max-width: 632px) 100vw, 632px\" \/><\/p>\n<p>&nbsp;<\/p>\n<p><img loading=\"lazy\" decoding=\"async\" class=\"size-medium wp-image-900 aligncenter\" src=\"https:\/\/parenthesegourmande.fr\/wp-content\/uploads\/2016\/04\/P1170259-632x474.jpg\" alt=\"P1170259\" width=\"632\" height=\"474\" srcset=\"https:\/\/parenthesegourmande.fr\/wp-content\/uploads\/2016\/04\/P1170259-632x474.jpg 632w, https:\/\/parenthesegourmande.fr\/wp-content\/uploads\/2016\/04\/P1170259-768x576.jpg 768w, https:\/\/parenthesegourmande.fr\/wp-content\/uploads\/2016\/04\/P1170259-1020x765.jpg 1020w\" sizes=\"auto, (max-width: 632px) 100vw, 632px\" \/><\/p>\n<p><img loading=\"lazy\" decoding=\"async\" class=\"size-medium wp-image-901 aligncenter\" src=\"https:\/\/parenthesegourmande.fr\/wp-content\/uploads\/2016\/04\/P1170258-632x474.jpg\" alt=\"P1170258\" width=\"632\" height=\"474\" srcset=\"https:\/\/parenthesegourmande.fr\/wp-content\/uploads\/2016\/04\/P1170258-632x474.jpg 632w, https:\/\/parenthesegourmande.fr\/wp-content\/uploads\/2016\/04\/P1170258-768x576.jpg 768w, https:\/\/parenthesegourmande.fr\/wp-content\/uploads\/2016\/04\/P1170258-1020x765.jpg 1020w\" sizes=\"auto, (max-width: 632px) 100vw, 632px\" \/><\/p>\n<p><img loading=\"lazy\" decoding=\"async\" class=\"size-medium wp-image-902 aligncenter\" src=\"https:\/\/parenthesegourmande.fr\/wp-content\/uploads\/2016\/04\/P1170210-632x474.jpg\" alt=\"P1170210\" width=\"632\" height=\"474\" srcset=\"https:\/\/parenthesegourmande.fr\/wp-content\/uploads\/2016\/04\/P1170210-632x474.jpg 632w, https:\/\/parenthesegourmande.fr\/wp-content\/uploads\/2016\/04\/P1170210-768x576.jpg 768w, https:\/\/parenthesegourmande.fr\/wp-content\/uploads\/2016\/04\/P1170210-1020x765.jpg 1020w\" sizes=\"auto, (max-width: 632px) 100vw, 632px\" \/><\/p>\n<p><img loading=\"lazy\" decoding=\"async\" class=\"size-medium wp-image-903 aligncenter\" src=\"https:\/\/parenthesegourmande.fr\/wp-content\/uploads\/2016\/04\/P1170211-632x474.jpg\" alt=\"P1170211\" width=\"632\" height=\"474\" srcset=\"https:\/\/parenthesegourmande.fr\/wp-content\/uploads\/2016\/04\/P1170211-632x474.jpg 632w, https:\/\/parenthesegourmande.fr\/wp-content\/uploads\/2016\/04\/P1170211-768x576.jpg 768w, https:\/\/parenthesegourmande.fr\/wp-content\/uploads\/2016\/04\/P1170211-1020x765.jpg 1020w\" sizes=\"auto, (max-width: 632px) 100vw, 632px\" \/><\/p>\n<p><img loading=\"lazy\" decoding=\"async\" class=\"size-medium wp-image-904 aligncenter\" src=\"https:\/\/parenthesegourmande.fr\/wp-content\/uploads\/2016\/04\/P1170212-632x474.jpg\" alt=\"P1170212\" width=\"632\" height=\"474\" srcset=\"https:\/\/parenthesegourmande.fr\/wp-content\/uploads\/2016\/04\/P1170212-632x474.jpg 632w, https:\/\/parenthesegourmande.fr\/wp-content\/uploads\/2016\/04\/P1170212-768x576.jpg 768w, https:\/\/parenthesegourmande.fr\/wp-content\/uploads\/2016\/04\/P1170212-1020x765.jpg 1020w\" sizes=\"auto, (max-width: 632px) 100vw, 632px\" \/><\/p>\n<p><img loading=\"lazy\" decoding=\"async\" class=\"size-medium wp-image-905 aligncenter\" src=\"https:\/\/parenthesegourmande.fr\/wp-content\/uploads\/2016\/04\/P1150802-632x474.jpg\" alt=\"P1150802\" width=\"632\" height=\"474\" srcset=\"https:\/\/parenthesegourmande.fr\/wp-content\/uploads\/2016\/04\/P1150802-632x474.jpg 632w, https:\/\/parenthesegourmande.fr\/wp-content\/uploads\/2016\/04\/P1150802-768x576.jpg 768w, https:\/\/parenthesegourmande.fr\/wp-content\/uploads\/2016\/04\/P1150802-1020x765.jpg 1020w\" sizes=\"auto, (max-width: 632px) 100vw, 632px\" \/><\/p>\n<p><img loading=\"lazy\" decoding=\"async\" class=\"size-medium wp-image-906 aligncenter\" src=\"https:\/\/parenthesegourmande.fr\/wp-content\/uploads\/2016\/04\/P1140903-632x474.jpg\" alt=\"P1140903\" width=\"632\" height=\"474\" srcset=\"https:\/\/parenthesegourmande.fr\/wp-content\/uploads\/2016\/04\/P1140903-632x474.jpg 632w, https:\/\/parenthesegourmande.fr\/wp-content\/uploads\/2016\/04\/P1140903-768x576.jpg 768w, https:\/\/parenthesegourmande.fr\/wp-content\/uploads\/2016\/04\/P1140903-1020x765.jpg 1020w\" sizes=\"auto, (max-width: 632px) 100vw, 632px\" \/><\/p>\n<p><img loading=\"lazy\" decoding=\"async\" class=\"size-medium wp-image-907 aligncenter\" src=\"https:\/\/parenthesegourmande.fr\/wp-content\/uploads\/2016\/04\/P1140917-632x474.jpg\" alt=\"P1140917\" width=\"632\" height=\"474\" srcset=\"https:\/\/parenthesegourmande.fr\/wp-content\/uploads\/2016\/04\/P1140917-632x474.jpg 632w, https:\/\/parenthesegourmande.fr\/wp-content\/uploads\/2016\/04\/P1140917-768x576.jpg 768w, https:\/\/parenthesegourmande.fr\/wp-content\/uploads\/2016\/04\/P1140917-1020x765.jpg 1020w\" sizes=\"auto, (max-width: 632px) 100vw, 632px\" \/><\/p>\n<p><img loading=\"lazy\" decoding=\"async\" class=\"size-medium wp-image-908 aligncenter\" src=\"https:\/\/parenthesegourmande.fr\/wp-content\/uploads\/2016\/04\/P1160045-632x474.jpg\" alt=\"P1160045\" width=\"632\" height=\"474\" srcset=\"https:\/\/parenthesegourmande.fr\/wp-content\/uploads\/2016\/04\/P1160045-632x474.jpg 632w, https:\/\/parenthesegourmande.fr\/wp-content\/uploads\/2016\/04\/P1160045-768x576.jpg 768w, https:\/\/parenthesegourmande.fr\/wp-content\/uploads\/2016\/04\/P1160045-1020x765.jpg 1020w\" sizes=\"auto, (max-width: 632px) 100vw, 632px\" \/><\/p>\n<p><img loading=\"lazy\" decoding=\"async\" class=\"size-medium wp-image-909 aligncenter\" src=\"https:\/\/parenthesegourmande.fr\/wp-content\/uploads\/2016\/04\/P1160042-632x474.jpg\" alt=\"P1160042\" width=\"632\" height=\"474\" srcset=\"https:\/\/parenthesegourmande.fr\/wp-content\/uploads\/2016\/04\/P1160042-632x474.jpg 632w, https:\/\/parenthesegourmande.fr\/wp-content\/uploads\/2016\/04\/P1160042-768x576.jpg 768w, https:\/\/parenthesegourmande.fr\/wp-content\/uploads\/2016\/04\/P1160042-1020x765.jpg 1020w\" sizes=\"auto, (max-width: 632px) 100vw, 632px\" \/><\/p>\n<p><img loading=\"lazy\" decoding=\"async\" class=\"size-medium wp-image-582 aligncenter\" src=\"https:\/\/parenthesegourmande.fr\/wp-content\/uploads\/2016\/04\/5-11-632x474.jpg\" alt=\"5\" width=\"632\" height=\"474\" srcset=\"https:\/\/parenthesegourmande.fr\/wp-content\/uploads\/2016\/04\/5-11-632x474.jpg 632w, https:\/\/parenthesegourmande.fr\/wp-content\/uploads\/2016\/04\/5-11-768x576.jpg 768w, https:\/\/parenthesegourmande.fr\/wp-content\/uploads\/2016\/04\/5-11-1020x765.jpg 1020w\" sizes=\"auto, (max-width: 632px) 100vw, 632px\" \/><\/p>\n<p><img loading=\"lazy\" decoding=\"async\" class=\"size-medium wp-image-583 aligncenter\" src=\"https:\/\/parenthesegourmande.fr\/wp-content\/uploads\/2016\/04\/6-10-632x474.jpg\" alt=\"6\" width=\"632\" height=\"474\" srcset=\"https:\/\/parenthesegourmande.fr\/wp-content\/uploads\/2016\/04\/6-10-632x474.jpg 632w, https:\/\/parenthesegourmande.fr\/wp-content\/uploads\/2016\/04\/6-10-768x576.jpg 768w, https:\/\/parenthesegourmande.fr\/wp-content\/uploads\/2016\/04\/6-10-1020x765.jpg 1020w\" sizes=\"auto, (max-width: 632px) 100vw, 632px\" \/><\/p>\n<p><img loading=\"lazy\" decoding=\"async\" class=\"size-medium wp-image-584 aligncenter\" src=\"https:\/\/parenthesegourmande.fr\/wp-content\/uploads\/2016\/04\/7-7-632x474.jpg\" alt=\"7\" width=\"632\" height=\"474\" srcset=\"https:\/\/parenthesegourmande.fr\/wp-content\/uploads\/2016\/04\/7-7-632x474.jpg 632w, https:\/\/parenthesegourmande.fr\/wp-content\/uploads\/2016\/04\/7-7-768x576.jpg 768w, https:\/\/parenthesegourmande.fr\/wp-content\/uploads\/2016\/04\/7-7-1020x765.jpg 1020w\" sizes=\"auto, (max-width: 632px) 100vw, 632px\" \/><\/p>\n<p><img loading=\"lazy\" decoding=\"async\" class=\"size-medium wp-image-585 aligncenter\" src=\"https:\/\/parenthesegourmande.fr\/wp-content\/uploads\/2016\/04\/13-4-632x474.jpg\" alt=\"13\" width=\"632\" height=\"474\" srcset=\"https:\/\/parenthesegourmande.fr\/wp-content\/uploads\/2016\/04\/13-4-632x474.jpg 632w, https:\/\/parenthesegourmande.fr\/wp-content\/uploads\/2016\/04\/13-4-768x576.jpg 768w, https:\/\/parenthesegourmande.fr\/wp-content\/uploads\/2016\/04\/13-4-1020x765.jpg 1020w\" sizes=\"auto, (max-width: 632px) 100vw, 632px\" \/><\/p>\n<p><img loading=\"lazy\" decoding=\"async\" class=\"size-medium wp-image-586 aligncenter\" src=\"https:\/\/parenthesegourmande.fr\/wp-content\/uploads\/2016\/04\/14-2-632x474.jpg\" alt=\"14\" width=\"632\" height=\"474\" srcset=\"https:\/\/parenthesegourmande.fr\/wp-content\/uploads\/2016\/04\/14-2-632x474.jpg 632w, https:\/\/parenthesegourmande.fr\/wp-content\/uploads\/2016\/04\/14-2-768x576.jpg 768w, https:\/\/parenthesegourmande.fr\/wp-content\/uploads\/2016\/04\/14-2-1020x765.jpg 1020w\" sizes=\"auto, (max-width: 632px) 100vw, 632px\" \/><\/p>\n<p><img loading=\"lazy\" decoding=\"async\" class=\"size-medium wp-image-587 aligncenter\" src=\"https:\/\/parenthesegourmande.fr\/wp-content\/uploads\/2016\/04\/15-2-632x474.jpg\" alt=\"15\" width=\"632\" height=\"474\" srcset=\"https:\/\/parenthesegourmande.fr\/wp-content\/uploads\/2016\/04\/15-2-632x474.jpg 632w, https:\/\/parenthesegourmande.fr\/wp-content\/uploads\/2016\/04\/15-2-768x576.jpg 768w, https:\/\/parenthesegourmande.fr\/wp-content\/uploads\/2016\/04\/15-2-1020x765.jpg 1020w\" sizes=\"auto, (max-width: 632px) 100vw, 632px\" \/><\/p>\n<p>&nbsp;<\/p>\n<p><img loading=\"lazy\" decoding=\"async\" class=\"size-medium wp-image-571 aligncenter\" src=\"https:\/\/parenthesegourmande.fr\/wp-content\/uploads\/2016\/04\/7-6-632x474.jpg\" alt=\"7\" width=\"632\" height=\"474\" srcset=\"https:\/\/parenthesegourmande.fr\/wp-content\/uploads\/2016\/04\/7-6-632x474.jpg 632w, https:\/\/parenthesegourmande.fr\/wp-content\/uploads\/2016\/04\/7-6-768x576.jpg 768w, https:\/\/parenthesegourmande.fr\/wp-content\/uploads\/2016\/04\/7-6-1020x765.jpg 1020w\" sizes=\"auto, (max-width: 632px) 100vw, 632px\" \/><\/p>\n<p><img loading=\"lazy\" decoding=\"async\" class=\"size-medium wp-image-570 aligncenter\" src=\"https:\/\/parenthesegourmande.fr\/wp-content\/uploads\/2016\/04\/6-9-632x474.jpg\" alt=\"6\" width=\"632\" height=\"474\" srcset=\"https:\/\/parenthesegourmande.fr\/wp-content\/uploads\/2016\/04\/6-9-632x474.jpg 632w, https:\/\/parenthesegourmande.fr\/wp-content\/uploads\/2016\/04\/6-9-768x576.jpg 768w, https:\/\/parenthesegourmande.fr\/wp-content\/uploads\/2016\/04\/6-9-1020x765.jpg 1020w\" sizes=\"auto, (max-width: 632px) 100vw, 632px\" \/><\/p>\n<p><img loading=\"lazy\" decoding=\"async\" class=\"size-medium wp-image-569 aligncenter\" src=\"https:\/\/parenthesegourmande.fr\/wp-content\/uploads\/2016\/04\/3-12-632x474.jpg\" alt=\"3\" width=\"632\" height=\"474\" srcset=\"https:\/\/parenthesegourmande.fr\/wp-content\/uploads\/2016\/04\/3-12-632x474.jpg 632w, https:\/\/parenthesegourmande.fr\/wp-content\/uploads\/2016\/04\/3-12-768x576.jpg 768w, https:\/\/parenthesegourmande.fr\/wp-content\/uploads\/2016\/04\/3-12-1020x765.jpg 1020w\" sizes=\"auto, (max-width: 632px) 100vw, 632px\" \/><\/p>\n<p><img loading=\"lazy\" decoding=\"async\" class=\"size-medium wp-image-566 aligncenter\" src=\"https:\/\/parenthesegourmande.fr\/wp-content\/uploads\/2016\/04\/2-14-632x474.jpg\" alt=\"2\" width=\"632\" height=\"474\" srcset=\"https:\/\/parenthesegourmande.fr\/wp-content\/uploads\/2016\/04\/2-14-632x474.jpg 632w, https:\/\/parenthesegourmande.fr\/wp-content\/uploads\/2016\/04\/2-14-768x576.jpg 768w, https:\/\/parenthesegourmande.fr\/wp-content\/uploads\/2016\/04\/2-14-1020x765.jpg 1020w\" sizes=\"auto, (max-width: 632px) 100vw, 632px\" \/><\/p>\n<p><img loading=\"lazy\" decoding=\"async\" class=\"size-medium wp-image-565 aligncenter\" src=\"https:\/\/parenthesegourmande.fr\/wp-content\/uploads\/2016\/04\/1-15-632x474.jpg\" alt=\"1\" width=\"632\" height=\"474\" srcset=\"https:\/\/parenthesegourmande.fr\/wp-content\/uploads\/2016\/04\/1-15-632x474.jpg 632w, https:\/\/parenthesegourmande.fr\/wp-content\/uploads\/2016\/04\/1-15-768x576.jpg 768w, https:\/\/parenthesegourmande.fr\/wp-content\/uploads\/2016\/04\/1-15-1020x765.jpg 1020w\" sizes=\"auto, (max-width: 632px) 100vw, 632px\" \/><\/p>\n<p><img loading=\"lazy\" decoding=\"async\" class=\"size-medium wp-image-315 aligncenter\" src=\"https:\/\/parenthesegourmande.fr\/wp-content\/uploads\/2016\/04\/1-3-632x474.jpg\" alt=\"1\" width=\"632\" height=\"474\" srcset=\"https:\/\/parenthesegourmande.fr\/wp-content\/uploads\/2016\/04\/1-3-632x474.jpg 632w, https:\/\/parenthesegourmande.fr\/wp-content\/uploads\/2016\/04\/1-3-768x576.jpg 768w, https:\/\/parenthesegourmande.fr\/wp-content\/uploads\/2016\/04\/1-3-1020x765.jpg 1020w\" sizes=\"auto, (max-width: 632px) 100vw, 632px\" \/><\/p>\n<p><img loading=\"lazy\" decoding=\"async\" class=\"size-medium wp-image-316 aligncenter\" src=\"https:\/\/parenthesegourmande.fr\/wp-content\/uploads\/2016\/04\/2-3-632x474.jpg\" alt=\"2\" width=\"632\" height=\"474\" srcset=\"https:\/\/parenthesegourmande.fr\/wp-content\/uploads\/2016\/04\/2-3-632x474.jpg 632w, https:\/\/parenthesegourmande.fr\/wp-content\/uploads\/2016\/04\/2-3-768x576.jpg 768w, https:\/\/parenthesegourmande.fr\/wp-content\/uploads\/2016\/04\/2-3-1020x765.jpg 1020w\" sizes=\"auto, (max-width: 632px) 100vw, 632px\" \/><\/p>\n<p>&nbsp;<\/p>\n<p><img loading=\"lazy\" decoding=\"async\" class=\"size-medium wp-image-318 aligncenter\" src=\"https:\/\/parenthesegourmande.fr\/wp-content\/uploads\/2016\/04\/4-1-632x474.jpg\" alt=\"4\" width=\"632\" height=\"474\" srcset=\"https:\/\/parenthesegourmande.fr\/wp-content\/uploads\/2016\/04\/4-1-632x474.jpg 632w, https:\/\/parenthesegourmande.fr\/wp-content\/uploads\/2016\/04\/4-1-768x576.jpg 768w, https:\/\/parenthesegourmande.fr\/wp-content\/uploads\/2016\/04\/4-1-1020x765.jpg 1020w\" sizes=\"auto, (max-width: 632px) 100vw, 632px\" \/><\/p>\n<p><img loading=\"lazy\" decoding=\"async\" class=\"size-medium wp-image-319 aligncenter\" src=\"https:\/\/parenthesegourmande.fr\/wp-content\/uploads\/2016\/04\/5-1-632x474.jpg\" alt=\"5\" width=\"632\" height=\"474\" srcset=\"https:\/\/parenthesegourmande.fr\/wp-content\/uploads\/2016\/04\/5-1-632x474.jpg 632w, https:\/\/parenthesegourmande.fr\/wp-content\/uploads\/2016\/04\/5-1-768x576.jpg 768w, https:\/\/parenthesegourmande.fr\/wp-content\/uploads\/2016\/04\/5-1-1020x765.jpg 1020w\" sizes=\"auto, (max-width: 632px) 100vw, 632px\" \/><\/p>\n<p><img loading=\"lazy\" decoding=\"async\" class=\"size-medium wp-image-320 aligncenter\" src=\"https:\/\/parenthesegourmande.fr\/wp-content\/uploads\/2016\/04\/6-632x474.jpg\" alt=\"6\" width=\"632\" height=\"474\" srcset=\"https:\/\/parenthesegourmande.fr\/wp-content\/uploads\/2016\/04\/6-632x474.jpg 632w, https:\/\/parenthesegourmande.fr\/wp-content\/uploads\/2016\/04\/6-768x576.jpg 768w, https:\/\/parenthesegourmande.fr\/wp-content\/uploads\/2016\/04\/6-1020x765.jpg 1020w\" sizes=\"auto, (max-width: 632px) 100vw, 632px\" \/><\/p>\n<p><img loading=\"lazy\" decoding=\"async\" class=\"size-medium wp-image-321 aligncenter\" src=\"https:\/\/parenthesegourmande.fr\/wp-content\/uploads\/2016\/04\/7-632x474.jpg\" alt=\"7\" width=\"632\" height=\"474\" srcset=\"https:\/\/parenthesegourmande.fr\/wp-content\/uploads\/2016\/04\/7-632x474.jpg 632w, https:\/\/parenthesegourmande.fr\/wp-content\/uploads\/2016\/04\/7-768x576.jpg 768w, https:\/\/parenthesegourmande.fr\/wp-content\/uploads\/2016\/04\/7-1020x765.jpg 1020w\" sizes=\"auto, (max-width: 632px) 100vw, 632px\" \/><\/p>\n<p><img loading=\"lazy\" decoding=\"async\" class=\"size-medium wp-image-322 aligncenter\" src=\"https:\/\/parenthesegourmande.fr\/wp-content\/uploads\/2016\/04\/8-632x474.jpg\" alt=\"8\" width=\"632\" height=\"474\" srcset=\"https:\/\/parenthesegourmande.fr\/wp-content\/uploads\/2016\/04\/8-632x474.jpg 632w, https:\/\/parenthesegourmande.fr\/wp-content\/uploads\/2016\/04\/8-768x576.jpg 768w, https:\/\/parenthesegourmande.fr\/wp-content\/uploads\/2016\/04\/8-1020x765.jpg 1020w\" sizes=\"auto, (max-width: 632px) 100vw, 632px\" \/><\/p>\n<p><img loading=\"lazy\" decoding=\"async\" class=\"size-medium wp-image-323 aligncenter\" src=\"https:\/\/parenthesegourmande.fr\/wp-content\/uploads\/2016\/04\/9-632x474.jpg\" alt=\"9\" width=\"632\" height=\"474\" srcset=\"https:\/\/parenthesegourmande.fr\/wp-content\/uploads\/2016\/04\/9-632x474.jpg 632w, https:\/\/parenthesegourmande.fr\/wp-content\/uploads\/2016\/04\/9-768x576.jpg 768w, https:\/\/parenthesegourmande.fr\/wp-content\/uploads\/2016\/04\/9-1020x765.jpg 1020w\" sizes=\"auto, (max-width: 632px) 100vw, 632px\" \/><\/p>\n<p><img loading=\"lazy\" decoding=\"async\" class=\"size-medium wp-image-324 aligncenter\" src=\"https:\/\/parenthesegourmande.fr\/wp-content\/uploads\/2016\/04\/10-632x474.jpg\" alt=\"10\" width=\"632\" height=\"474\" srcset=\"https:\/\/parenthesegourmande.fr\/wp-content\/uploads\/2016\/04\/10-632x474.jpg 632w, https:\/\/parenthesegourmande.fr\/wp-content\/uploads\/2016\/04\/10-768x576.jpg 768w, https:\/\/parenthesegourmande.fr\/wp-content\/uploads\/2016\/04\/10-1020x765.jpg 1020w\" sizes=\"auto, (max-width: 632px) 100vw, 632px\" \/><\/p>\n<p><img loading=\"lazy\" decoding=\"async\" class=\"size-medium wp-image-325 aligncenter\" src=\"https:\/\/parenthesegourmande.fr\/wp-content\/uploads\/2016\/04\/11-632x474.jpg\" alt=\"11\" width=\"632\" height=\"474\" srcset=\"https:\/\/parenthesegourmande.fr\/wp-content\/uploads\/2016\/04\/11-632x474.jpg 632w, https:\/\/parenthesegourmande.fr\/wp-content\/uploads\/2016\/04\/11-768x576.jpg 768w, https:\/\/parenthesegourmande.fr\/wp-content\/uploads\/2016\/04\/11-1020x765.jpg 1020w\" sizes=\"auto, (max-width: 632px) 100vw, 632px\" \/><\/p>\n<p><img loading=\"lazy\" decoding=\"async\" class=\"size-medium wp-image-326 aligncenter\" src=\"https:\/\/parenthesegourmande.fr\/wp-content\/uploads\/2016\/04\/12-632x474.jpg\" alt=\"12\" width=\"632\" height=\"474\" srcset=\"https:\/\/parenthesegourmande.fr\/wp-content\/uploads\/2016\/04\/12-632x474.jpg 632w, https:\/\/parenthesegourmande.fr\/wp-content\/uploads\/2016\/04\/12-768x576.jpg 768w, https:\/\/parenthesegourmande.fr\/wp-content\/uploads\/2016\/04\/12-1020x765.jpg 1020w\" sizes=\"auto, (max-width: 632px) 100vw, 632px\" \/><\/p>\n<p><img loading=\"lazy\" decoding=\"async\" class=\"size-medium wp-image-327 aligncenter\" src=\"https:\/\/parenthesegourmande.fr\/wp-content\/uploads\/2016\/04\/13-632x474.jpg\" alt=\"13\" width=\"632\" height=\"474\" srcset=\"https:\/\/parenthesegourmande.fr\/wp-content\/uploads\/2016\/04\/13-632x474.jpg 632w, https:\/\/parenthesegourmande.fr\/wp-content\/uploads\/2016\/04\/13-768x576.jpg 768w, https:\/\/parenthesegourmande.fr\/wp-content\/uploads\/2016\/04\/13-1020x765.jpg 1020w\" sizes=\"auto, (max-width: 632px) 100vw, 632px\" \/><\/p>\n<p><img loading=\"lazy\" decoding=\"async\" class=\"size-medium wp-image-1035 aligncenter\" src=\"https:\/\/parenthesegourmande.fr\/wp-content\/uploads\/2016\/04\/32819555_1854054698013989_2132593176773394432_n-632x474.jpg\" alt=\"32819555_1854054698013989_2132593176773394432_n\" width=\"632\" height=\"474\" srcset=\"https:\/\/parenthesegourmande.fr\/wp-content\/uploads\/2016\/04\/32819555_1854054698013989_2132593176773394432_n-632x474.jpg 632w, https:\/\/parenthesegourmande.fr\/wp-content\/uploads\/2016\/04\/32819555_1854054698013989_2132593176773394432_n-768x576.jpg 768w, https:\/\/parenthesegourmande.fr\/wp-content\/uploads\/2016\/04\/32819555_1854054698013989_2132593176773394432_n.jpg 960w\" sizes=\"auto, (max-width: 632px) 100vw, 632px\" \/><\/p>\n<p><img loading=\"lazy\" decoding=\"async\" class=\"size-medium wp-image-936 aligncenter\" src=\"https:\/\/parenthesegourmande.fr\/wp-content\/uploads\/2016\/04\/P1180540-632x474.jpg\" alt=\"P1180540\" width=\"632\" height=\"474\" srcset=\"https:\/\/parenthesegourmande.fr\/wp-content\/uploads\/2016\/04\/P1180540-632x474.jpg 632w, https:\/\/parenthesegourmande.fr\/wp-content\/uploads\/2016\/04\/P1180540-768x576.jpg 768w, https:\/\/parenthesegourmande.fr\/wp-content\/uploads\/2016\/04\/P1180540-1020x765.jpg 1020w\" sizes=\"auto, (max-width: 632px) 100vw, 632px\" \/><\/p>\n<p><img loading=\"lazy\" decoding=\"async\" class=\"size-medium wp-image-935 aligncenter\" src=\"https:\/\/parenthesegourmande.fr\/wp-content\/uploads\/2016\/04\/P1180541-632x474.jpg\" alt=\"P1180541\" width=\"632\" height=\"474\" srcset=\"https:\/\/parenthesegourmande.fr\/wp-content\/uploads\/2016\/04\/P1180541-632x474.jpg 632w, https:\/\/parenthesegourmande.fr\/wp-content\/uploads\/2016\/04\/P1180541-768x576.jpg 768w, https:\/\/parenthesegourmande.fr\/wp-content\/uploads\/2016\/04\/P1180541-1020x765.jpg 1020w\" sizes=\"auto, (max-width: 632px) 100vw, 632px\" \/><\/p>\n<p><img loading=\"lazy\" decoding=\"async\" class=\"size-medium wp-image-1072 aligncenter\" src=\"https:\/\/parenthesegourmande.fr\/wp-content\/uploads\/2016\/04\/43013765_2092373127515477_1842038875422195712_n-632x474.jpg\" alt=\"43013765_2092373127515477_1842038875422195712_n\" width=\"632\" height=\"474\" srcset=\"https:\/\/parenthesegourmande.fr\/wp-content\/uploads\/2016\/04\/43013765_2092373127515477_1842038875422195712_n-632x474.jpg 632w, https:\/\/parenthesegourmande.fr\/wp-content\/uploads\/2016\/04\/43013765_2092373127515477_1842038875422195712_n-768x576.jpg 768w, https:\/\/parenthesegourmande.fr\/wp-content\/uploads\/2016\/04\/43013765_2092373127515477_1842038875422195712_n.jpg 960w\" sizes=\"auto, (max-width: 632px) 100vw, 632px\" \/><\/p>\n<p><img loading=\"lazy\" decoding=\"async\" class=\"size-medium wp-image-1071 aligncenter\" src=\"https:\/\/parenthesegourmande.fr\/wp-content\/uploads\/2016\/04\/27858097_1721193534633440_5593016893152479852_n-632x474.jpg\" alt=\"27858097_1721193534633440_5593016893152479852_n\" width=\"632\" height=\"474\" srcset=\"https:\/\/parenthesegourmande.fr\/wp-content\/uploads\/2016\/04\/27858097_1721193534633440_5593016893152479852_n-632x474.jpg 632w, https:\/\/parenthesegourmande.fr\/wp-content\/uploads\/2016\/04\/27858097_1721193534633440_5593016893152479852_n-768x576.jpg 768w, https:\/\/parenthesegourmande.fr\/wp-content\/uploads\/2016\/04\/27858097_1721193534633440_5593016893152479852_n.jpg 960w\" sizes=\"auto, (max-width: 632px) 100vw, 632px\" \/><\/p>\n<p><img loading=\"lazy\" decoding=\"async\" class=\"size-medium wp-image-1070 aligncenter\" src=\"https:\/\/parenthesegourmande.fr\/wp-content\/uploads\/2016\/04\/44702794_2125987934153996_5552966481173544960_n-632x474.jpg\" alt=\"44702794_2125987934153996_5552966481173544960_n\" width=\"632\" height=\"474\" srcset=\"https:\/\/parenthesegourmande.fr\/wp-content\/uploads\/2016\/04\/44702794_2125987934153996_5552966481173544960_n-632x474.jpg 632w, https:\/\/parenthesegourmande.fr\/wp-content\/uploads\/2016\/04\/44702794_2125987934153996_5552966481173544960_n-768x576.jpg 768w, https:\/\/parenthesegourmande.fr\/wp-content\/uploads\/2016\/04\/44702794_2125987934153996_5552966481173544960_n.jpg 960w\" sizes=\"auto, (max-width: 632px) 100vw, 632px\" \/><\/p>\n<p><img loading=\"lazy\" decoding=\"async\" class=\"size-medium wp-image-1067 aligncenter\" src=\"https:\/\/parenthesegourmande.fr\/wp-content\/uploads\/2016\/04\/50487797_2250603495025772_4854260110538571776_n-632x632.jpg\" alt=\"50487797_2250603495025772_4854260110538571776_n\" width=\"632\" height=\"632\" srcset=\"https:\/\/parenthesegourmande.fr\/wp-content\/uploads\/2016\/04\/50487797_2250603495025772_4854260110538571776_n-632x632.jpg 632w, https:\/\/parenthesegourmande.fr\/wp-content\/uploads\/2016\/04\/50487797_2250603495025772_4854260110538571776_n.jpg 641w\" sizes=\"auto, (max-width: 632px) 100vw, 632px\" \/><\/p>\n<p>&nbsp;<\/p>\n","protected":false},"excerpt":{"rendered":"<div class=\"entry-summary\">\n&nbsp; &nbsp; &nbsp; &nbsp;\n<\/div>\n<div class=\"link-more\"><a href=\"https:\/\/parenthesegourmande.fr\/index.php\/photos-sables-decores\/\" class=\"more-link\">Continue reading<span class=\"screen-reader-text\"> &ldquo;Photos sabl\u00e9s d\u00e9cor\u00e9s&rdquo;<\/span>&hellip;<\/a><\/div>\n","protected":false},"author":1,"featured_media":0,"parent":0,"menu_order":0,"comment_status":"closed","ping_status":"closed","template":"page-template\/_fullwidth.php","meta":{"footnotes":""},"class_list":["post-257","page","type-page","status-publish","hentry","entry"],"_links":{"self":[{"href":"https:\/\/parenthesegourmande.fr\/index.php\/wp-json\/wp\/v2\/pages\/257","targetHints":{"allow":["GET"]}}],"collection":[{"href":"https:\/\/parenthesegourmande.fr\/index.php\/wp-json\/wp\/v2\/pages"}],"about":[{"href":"https:\/\/parenthesegourmande.fr\/index.php\/wp-json\/wp\/v2\/types\/page"}],"author":[{"embeddable":true,"href":"https:\/\/parenthesegourmande.fr\/index.php\/wp-json\/wp\/v2\/users\/1"}],"replies":[{"embeddable":true,"href":"https:\/\/parenthesegourmande.fr\/index.php\/wp-json\/wp\/v2\/comments?post=257"}],"version-history":[{"count":14,"href":"https:\/\/parenthesegourmande.fr\/index.php\/wp-json\/wp\/v2\/pages\/257\/revisions"}],"predecessor-version":[{"id":1082,"href":"https:\/\/parenthesegourmande.fr\/index.php\/wp-json\/wp\/v2\/pages\/257\/revisions\/1082"}],"wp:attachment":[{"href":"https:\/\/parenthesegourmande.fr\/index.php\/wp-json\/wp\/v2\/media?parent=257"}],"curies":[{"name":"wp","href":"https:\/\/api.w.org\/{rel}","templated":true}]}}