 {"id":296,"date":"2016-04-26T13:29:05","date_gmt":"2016-04-26T12:29:05","guid":{"rendered":"http:\/\/parenthesegourmande.fr\/?page_id=296"},"modified":"2025-03-12T16:09:55","modified_gmt":"2025-03-12T15:09:55","slug":"tartes-2","status":"publish","type":"page","link":"https:\/\/parenthesegourmande.fr\/index.php\/tartes-2\/","title":{"rendered":"Tartes"},"content":{"rendered":"\n<p>MINIMUM 8 PARTS.<\/p>\n\n\n\n<p><strong><em><u><strong>Les Tartes :<\/strong><\/u><\/em><\/strong><\/p>\n\n\n\n<ul class=\"wp-block-list\"><li><strong><em><strong>Tarte \u00e0 la praline<\/strong><\/em><\/strong>\u00a03.80\u20ac la part<\/li><li><em><strong>Tarte aux pommes<\/strong><\/em> <strong>fa\u00e7on tatin<\/strong>\u00a03.90\u20ac la part<\/li><li><strong>Tarte vanille \/ fruits rouges <\/strong>3.90\u20ac la part<\/li><li><strong><em><strong>Tarte au citron meringu\u00e9e<\/strong><\/em><\/strong>\u00a03.90\u20ac la part<\/li><li><strong>Tarte citron \/ noix de coco<\/strong> 3.90\u20ac la part<\/li><li><em><strong>Tarte aux fraises<\/strong><\/em>\u00a0(en saison) 4\u20ac la part<\/li><li><strong>Tarte aux framboises<\/strong>\u00a0(en saison) 4\u20ac la part<\/li><li><em><strong>Tarte aux fruits<\/strong><\/em>\u00a03.90\u20ac la part<\/li><li><em><strong>Tarte chocolat\u00a0 <\/strong>3.90\u20ac la part<\/em><\/li><li><strong>Tarte chocolat \/ pop corn  <\/strong>3.90\u20ac la part<\/li><li><em><strong>Tarte caramel \/ fruits secs<\/strong><\/em>\u00a03.90\u20ac la part<\/li><li><strong>Tarte fa\u00e7on \u00ab\u00a0Snickers\u00a0\u00bb\u00a0<\/strong>3.90\u20ac la part<\/li><li><strong>Tarte Amandine framboise <\/strong>3.80\u20ac la part<\/li><li><em><strong>Tarte Poire-Amandine<\/strong><\/em>\u00a03.80\u20ac la part<\/li><li><em><strong>Tarte Amandine<\/strong><\/em> <strong>fruits rouges<\/strong>\u00a03.80\u20ac la part<\/li><li><strong>Tarte chocolat \/ noisette \/ pralin\u00e9<\/strong> 4\u20ac la part<\/li><li><strong>Tarte vanille  <\/strong>3.90\u20ac la part<\/li><li><strong>Tarte chocolat \/ coco <\/strong> 3.90\u20ac la part<\/li><\/ul>\n\n\n\n<p>Les p\u00e2tisseries sont \u00e9labor\u00e9es \u00e0 partir de produits faits-maison, de fruits frais, fran\u00e7ais et bio la plupart du temps.<\/p>\n\n\n\n<p>Les tartes (tout comme les entremets) peuvent \u00eatre personnalis\u00e9es sur demande.<\/p>\n\n\n\n<p>Toute allergie doit \u00eatre communiqu\u00e9e lors du passage de la commande.<\/p>\n\n\n<p><\/p>\n\n<div class=\"wp-block-image is-style-rounded\">\n<figure class=\"aligncenter size-large is-resized\"><img loading=\"lazy\" decoding=\"async\" src=\"https:\/\/parenthesegourmande.fr\/wp-content\/uploads\/2020\/12\/126963203_3753956794690427_7826971692556318672_o-1020x1020.jpg\" alt=\"\" class=\"wp-image-1262\" width=\"510\" height=\"510\" srcset=\"https:\/\/parenthesegourmande.fr\/wp-content\/uploads\/2020\/12\/126963203_3753956794690427_7826971692556318672_o-1020x1020.jpg 1020w, https:\/\/parenthesegourmande.fr\/wp-content\/uploads\/2020\/12\/126963203_3753956794690427_7826971692556318672_o-632x632.jpg 632w, https:\/\/parenthesegourmande.fr\/wp-content\/uploads\/2020\/12\/126963203_3753956794690427_7826971692556318672_o-768x768.jpg 768w, https:\/\/parenthesegourmande.fr\/wp-content\/uploads\/2020\/12\/126963203_3753956794690427_7826971692556318672_o.jpg 1080w\" sizes=\"auto, (max-width: 510px) 100vw, 510px\" \/><\/figure>\n<\/div>\n\n<div class=\"wp-block-image is-style-rounded\">\n<figure class=\"aligncenter size-large is-resized\"><img loading=\"lazy\" decoding=\"async\" src=\"https:\/\/parenthesegourmande.fr\/wp-content\/uploads\/2020\/12\/P1190687-1020x765.jpg\" alt=\"\" class=\"wp-image-1263\" width=\"510\" height=\"383\" srcset=\"https:\/\/parenthesegourmande.fr\/wp-content\/uploads\/2020\/12\/P1190687-1020x765.jpg 1020w, https:\/\/parenthesegourmande.fr\/wp-content\/uploads\/2020\/12\/P1190687-632x474.jpg 632w, https:\/\/parenthesegourmande.fr\/wp-content\/uploads\/2020\/12\/P1190687-768x576.jpg 768w, https:\/\/parenthesegourmande.fr\/wp-content\/uploads\/2020\/12\/P1190687-1536x1152.jpg 1536w, https:\/\/parenthesegourmande.fr\/wp-content\/uploads\/2020\/12\/P1190687-2048x1536.jpg 2048w\" sizes=\"auto, (max-width: 510px) 100vw, 510px\" \/><\/figure>\n<\/div>\n\n<div class=\"wp-block-image is-style-rounded\">\n<figure class=\"aligncenter size-large is-resized\"><img loading=\"lazy\" decoding=\"async\" src=\"https:\/\/parenthesegourmande.fr\/wp-content\/uploads\/2020\/12\/P1200459-1020x765.jpg\" alt=\"\" class=\"wp-image-1264\" width=\"510\" height=\"383\" srcset=\"https:\/\/parenthesegourmande.fr\/wp-content\/uploads\/2020\/12\/P1200459-1020x765.jpg 1020w, https:\/\/parenthesegourmande.fr\/wp-content\/uploads\/2020\/12\/P1200459-632x474.jpg 632w, https:\/\/parenthesegourmande.fr\/wp-content\/uploads\/2020\/12\/P1200459-768x576.jpg 768w, https:\/\/parenthesegourmande.fr\/wp-content\/uploads\/2020\/12\/P1200459-1536x1152.jpg 1536w, https:\/\/parenthesegourmande.fr\/wp-content\/uploads\/2020\/12\/P1200459-2048x1536.jpg 2048w\" sizes=\"auto, (max-width: 510px) 100vw, 510px\" \/><\/figure>\n<\/div>\n\n\n<p><\/p>\n\n\n<div class=\"wp-block-image is-style-rounded\">\n<figure class=\"aligncenter size-large is-resized\"><img loading=\"lazy\" decoding=\"async\" src=\"https:\/\/parenthesegourmande.fr\/wp-content\/uploads\/2020\/12\/130998035_3805499922869447_1356099811356064044_o-1020x1020.jpg\" alt=\"\" class=\"wp-image-1266\" width=\"510\" height=\"510\" srcset=\"https:\/\/parenthesegourmande.fr\/wp-content\/uploads\/2020\/12\/130998035_3805499922869447_1356099811356064044_o-1020x1020.jpg 1020w, https:\/\/parenthesegourmande.fr\/wp-content\/uploads\/2020\/12\/130998035_3805499922869447_1356099811356064044_o-632x632.jpg 632w, https:\/\/parenthesegourmande.fr\/wp-content\/uploads\/2020\/12\/130998035_3805499922869447_1356099811356064044_o-768x768.jpg 768w, https:\/\/parenthesegourmande.fr\/wp-content\/uploads\/2020\/12\/130998035_3805499922869447_1356099811356064044_o.jpg 1440w\" sizes=\"auto, (max-width: 510px) 100vw, 510px\" \/><\/figure>\n<\/div>\n\n<div class=\"wp-block-image is-style-rounded\">\n<figure class=\"aligncenter size-large is-resized\"><img loading=\"lazy\" decoding=\"async\" src=\"https:\/\/parenthesegourmande.fr\/wp-content\/uploads\/2020\/12\/73000373_2758653457554104_6077860460256821248_o-1020x765.jpg\" alt=\"\" class=\"wp-image-1373\" width=\"510\" height=\"383\" srcset=\"https:\/\/parenthesegourmande.fr\/wp-content\/uploads\/2020\/12\/73000373_2758653457554104_6077860460256821248_o-1020x765.jpg 1020w, https:\/\/parenthesegourmande.fr\/wp-content\/uploads\/2020\/12\/73000373_2758653457554104_6077860460256821248_o-632x474.jpg 632w, https:\/\/parenthesegourmande.fr\/wp-content\/uploads\/2020\/12\/73000373_2758653457554104_6077860460256821248_o-768x576.jpg 768w, https:\/\/parenthesegourmande.fr\/wp-content\/uploads\/2020\/12\/73000373_2758653457554104_6077860460256821248_o-1536x1152.jpg 1536w, https:\/\/parenthesegourmande.fr\/wp-content\/uploads\/2020\/12\/73000373_2758653457554104_6077860460256821248_o.jpg 2000w\" sizes=\"auto, (max-width: 510px) 100vw, 510px\" \/><\/figure>\n<\/div>\n\n<div class=\"wp-block-image is-style-rounded\">\n<figure class=\"aligncenter size-large is-resized\"><img loading=\"lazy\" decoding=\"async\" src=\"https:\/\/parenthesegourmande.fr\/wp-content\/uploads\/2020\/12\/134755902_3845790842173688_2114544507257694001_o-1020x1020.jpg\" alt=\"\" class=\"wp-image-1472\" width=\"510\" height=\"510\" srcset=\"https:\/\/parenthesegourmande.fr\/wp-content\/uploads\/2020\/12\/134755902_3845790842173688_2114544507257694001_o-1020x1020.jpg 1020w, https:\/\/parenthesegourmande.fr\/wp-content\/uploads\/2020\/12\/134755902_3845790842173688_2114544507257694001_o-632x632.jpg 632w, https:\/\/parenthesegourmande.fr\/wp-content\/uploads\/2020\/12\/134755902_3845790842173688_2114544507257694001_o-768x768.jpg 768w, https:\/\/parenthesegourmande.fr\/wp-content\/uploads\/2020\/12\/134755902_3845790842173688_2114544507257694001_o.jpg 1080w\" sizes=\"auto, (max-width: 510px) 100vw, 510px\" \/><\/figure>\n<\/div>\n\n<div class=\"wp-block-image is-style-rounded\">\n<figure class=\"aligncenter size-large is-resized\"><img loading=\"lazy\" decoding=\"async\" src=\"https:\/\/parenthesegourmande.fr\/wp-content\/uploads\/2020\/12\/122241236_3662454777173963_3774444639794063678_o-1-1020x1020.jpg\" alt=\"\" class=\"wp-image-1476\" width=\"510\" height=\"510\" srcset=\"https:\/\/parenthesegourmande.fr\/wp-content\/uploads\/2020\/12\/122241236_3662454777173963_3774444639794063678_o-1-1020x1020.jpg 1020w, https:\/\/parenthesegourmande.fr\/wp-content\/uploads\/2020\/12\/122241236_3662454777173963_3774444639794063678_o-1-632x632.jpg 632w, https:\/\/parenthesegourmande.fr\/wp-content\/uploads\/2020\/12\/122241236_3662454777173963_3774444639794063678_o-1-768x768.jpg 768w, https:\/\/parenthesegourmande.fr\/wp-content\/uploads\/2020\/12\/122241236_3662454777173963_3774444639794063678_o-1.jpg 1440w\" sizes=\"auto, (max-width: 510px) 100vw, 510px\" \/><\/figure>\n<\/div>\n\n<div class=\"wp-block-image is-style-rounded\">\n<figure class=\"aligncenter size-large is-resized\"><img loading=\"lazy\" decoding=\"async\" src=\"https:\/\/parenthesegourmande.fr\/wp-content\/uploads\/2020\/12\/123019072_3683443468408427_8443972545181675471_o-1020x1020.jpg\" alt=\"\" class=\"wp-image-1478\" width=\"510\" height=\"510\" srcset=\"https:\/\/parenthesegourmande.fr\/wp-content\/uploads\/2020\/12\/123019072_3683443468408427_8443972545181675471_o-1020x1020.jpg 1020w, https:\/\/parenthesegourmande.fr\/wp-content\/uploads\/2020\/12\/123019072_3683443468408427_8443972545181675471_o-632x632.jpg 632w, https:\/\/parenthesegourmande.fr\/wp-content\/uploads\/2020\/12\/123019072_3683443468408427_8443972545181675471_o-768x768.jpg 768w, https:\/\/parenthesegourmande.fr\/wp-content\/uploads\/2020\/12\/123019072_3683443468408427_8443972545181675471_o.jpg 1440w\" sizes=\"auto, (max-width: 510px) 100vw, 510px\" \/><\/figure>\n<\/div>\n\n<div class=\"wp-block-image is-style-rounded\">\n<figure class=\"aligncenter size-large is-resized\"><img loading=\"lazy\" decoding=\"async\" src=\"https:\/\/parenthesegourmande.fr\/wp-content\/uploads\/2021\/01\/138170691_3877862575633181_5255297669351189167_o-1020x1020.jpg\" alt=\"\" class=\"wp-image-1513\" width=\"510\" height=\"510\" srcset=\"https:\/\/parenthesegourmande.fr\/wp-content\/uploads\/2021\/01\/138170691_3877862575633181_5255297669351189167_o-1020x1020.jpg 1020w, https:\/\/parenthesegourmande.fr\/wp-content\/uploads\/2021\/01\/138170691_3877862575633181_5255297669351189167_o-632x632.jpg 632w, https:\/\/parenthesegourmande.fr\/wp-content\/uploads\/2021\/01\/138170691_3877862575633181_5255297669351189167_o-768x768.jpg 768w, https:\/\/parenthesegourmande.fr\/wp-content\/uploads\/2021\/01\/138170691_3877862575633181_5255297669351189167_o.jpg 1080w\" sizes=\"auto, (max-width: 510px) 100vw, 510px\" \/><\/figure>\n<\/div>\n\n<div class=\"wp-block-image is-style-rounded\">\n<figure class=\"aligncenter size-large is-resized\"><img loading=\"lazy\" decoding=\"async\" src=\"https:\/\/parenthesegourmande.fr\/wp-content\/uploads\/2021\/01\/P1190663-1020x765.jpg\" alt=\"\" class=\"wp-image-1518\" width=\"510\" height=\"383\" srcset=\"https:\/\/parenthesegourmande.fr\/wp-content\/uploads\/2021\/01\/P1190663-1020x765.jpg 1020w, https:\/\/parenthesegourmande.fr\/wp-content\/uploads\/2021\/01\/P1190663-632x474.jpg 632w, https:\/\/parenthesegourmande.fr\/wp-content\/uploads\/2021\/01\/P1190663-768x576.jpg 768w, https:\/\/parenthesegourmande.fr\/wp-content\/uploads\/2021\/01\/P1190663-1536x1152.jpg 1536w, https:\/\/parenthesegourmande.fr\/wp-content\/uploads\/2021\/01\/P1190663-2048x1536.jpg 2048w\" sizes=\"auto, (max-width: 510px) 100vw, 510px\" \/><\/figure>\n<\/div>\n\n<div class=\"wp-block-image is-style-rounded\">\n<figure class=\"aligncenter size-large is-resized\"><img loading=\"lazy\" decoding=\"async\" src=\"https:\/\/parenthesegourmande.fr\/wp-content\/uploads\/2021\/07\/216317806_4382394698513297_5934783986888749372_n-1020x1020.jpg\" alt=\"\" class=\"wp-image-1655\" width=\"510\" height=\"510\" srcset=\"https:\/\/parenthesegourmande.fr\/wp-content\/uploads\/2021\/07\/216317806_4382394698513297_5934783986888749372_n-1020x1020.jpg 1020w, https:\/\/parenthesegourmande.fr\/wp-content\/uploads\/2021\/07\/216317806_4382394698513297_5934783986888749372_n-632x632.jpg 632w, https:\/\/parenthesegourmande.fr\/wp-content\/uploads\/2021\/07\/216317806_4382394698513297_5934783986888749372_n-768x768.jpg 768w, https:\/\/parenthesegourmande.fr\/wp-content\/uploads\/2021\/07\/216317806_4382394698513297_5934783986888749372_n.jpg 1080w\" sizes=\"auto, (max-width: 510px) 100vw, 510px\" \/><\/figure>\n<\/div>\n\n<div class=\"wp-block-image is-style-rounded\">\n<figure class=\"aligncenter size-medium\"><img loading=\"lazy\" decoding=\"async\" width=\"632\" height=\"632\" src=\"https:\/\/parenthesegourmande.fr\/wp-content\/uploads\/2023\/04\/333798327_4177847505773861_5838980688183487850_n-632x632.jpg\" alt=\"\" class=\"wp-image-1897\" srcset=\"https:\/\/parenthesegourmande.fr\/wp-content\/uploads\/2023\/04\/333798327_4177847505773861_5838980688183487850_n-632x632.jpg 632w, https:\/\/parenthesegourmande.fr\/wp-content\/uploads\/2023\/04\/333798327_4177847505773861_5838980688183487850_n-1020x1020.jpg 1020w, https:\/\/parenthesegourmande.fr\/wp-content\/uploads\/2023\/04\/333798327_4177847505773861_5838980688183487850_n-768x768.jpg 768w, https:\/\/parenthesegourmande.fr\/wp-content\/uploads\/2023\/04\/333798327_4177847505773861_5838980688183487850_n.jpg 1080w\" sizes=\"auto, (max-width: 632px) 100vw, 632px\" \/><\/figure>\n<\/div>\n\n<div class=\"wp-block-image is-style-rounded\">\n<figure class=\"aligncenter size-medium\"><img loading=\"lazy\" decoding=\"async\" width=\"632\" height=\"632\" src=\"https:\/\/parenthesegourmande.fr\/wp-content\/uploads\/2023\/04\/311372629_406815954988597_8248806580024912148_n-1-632x632.jpg\" alt=\"\" class=\"wp-image-1898\" srcset=\"https:\/\/parenthesegourmande.fr\/wp-content\/uploads\/2023\/04\/311372629_406815954988597_8248806580024912148_n-1-632x632.jpg 632w, https:\/\/parenthesegourmande.fr\/wp-content\/uploads\/2023\/04\/311372629_406815954988597_8248806580024912148_n-1-1020x1020.jpg 1020w, https:\/\/parenthesegourmande.fr\/wp-content\/uploads\/2023\/04\/311372629_406815954988597_8248806580024912148_n-1-768x768.jpg 768w, https:\/\/parenthesegourmande.fr\/wp-content\/uploads\/2023\/04\/311372629_406815954988597_8248806580024912148_n-1.jpg 1080w\" sizes=\"auto, (max-width: 632px) 100vw, 632px\" \/><\/figure>\n<\/div>\n\n<div class=\"wp-block-image is-style-rounded\">\n<figure class=\"aligncenter size-medium\"><img loading=\"lazy\" decoding=\"async\" width=\"632\" height=\"632\" src=\"https:\/\/parenthesegourmande.fr\/wp-content\/uploads\/2023\/04\/332066193_3562171954003699_611812951144911950_n-632x632.jpg\" alt=\"\" class=\"wp-image-1902\" srcset=\"https:\/\/parenthesegourmande.fr\/wp-content\/uploads\/2023\/04\/332066193_3562171954003699_611812951144911950_n-632x632.jpg 632w, https:\/\/parenthesegourmande.fr\/wp-content\/uploads\/2023\/04\/332066193_3562171954003699_611812951144911950_n-1020x1020.jpg 1020w, https:\/\/parenthesegourmande.fr\/wp-content\/uploads\/2023\/04\/332066193_3562171954003699_611812951144911950_n-768x768.jpg 768w, https:\/\/parenthesegourmande.fr\/wp-content\/uploads\/2023\/04\/332066193_3562171954003699_611812951144911950_n.jpg 1080w\" sizes=\"auto, (max-width: 632px) 100vw, 632px\" \/><\/figure>\n<\/div>\n\n<div class=\"wp-block-image is-style-rounded\">\n<figure class=\"aligncenter size-medium\"><img loading=\"lazy\" decoding=\"async\" width=\"632\" height=\"632\" src=\"https:\/\/parenthesegourmande.fr\/wp-content\/uploads\/2024\/03\/353836798_573079498362241_8445916504541429162_n-632x632.jpg\" alt=\"\" class=\"wp-image-1997\" srcset=\"https:\/\/parenthesegourmande.fr\/wp-content\/uploads\/2024\/03\/353836798_573079498362241_8445916504541429162_n-632x632.jpg 632w, https:\/\/parenthesegourmande.fr\/wp-content\/uploads\/2024\/03\/353836798_573079498362241_8445916504541429162_n-1020x1020.jpg 1020w, https:\/\/parenthesegourmande.fr\/wp-content\/uploads\/2024\/03\/353836798_573079498362241_8445916504541429162_n-768x768.jpg 768w, https:\/\/parenthesegourmande.fr\/wp-content\/uploads\/2024\/03\/353836798_573079498362241_8445916504541429162_n.jpg 1080w\" sizes=\"auto, (max-width: 632px) 100vw, 632px\" \/><\/figure>\n<\/div>\n\n<div class=\"wp-block-image is-style-rounded\">\n<figure class=\"aligncenter size-medium\"><img loading=\"lazy\" decoding=\"async\" width=\"632\" height=\"632\" src=\"https:\/\/parenthesegourmande.fr\/wp-content\/uploads\/2024\/03\/431485454_726545136349009_5468610313532314172_n-632x632.jpg\" alt=\"\" class=\"wp-image-1998\" srcset=\"https:\/\/parenthesegourmande.fr\/wp-content\/uploads\/2024\/03\/431485454_726545136349009_5468610313532314172_n-632x632.jpg 632w, https:\/\/parenthesegourmande.fr\/wp-content\/uploads\/2024\/03\/431485454_726545136349009_5468610313532314172_n-1020x1020.jpg 1020w, https:\/\/parenthesegourmande.fr\/wp-content\/uploads\/2024\/03\/431485454_726545136349009_5468610313532314172_n-768x768.jpg 768w, https:\/\/parenthesegourmande.fr\/wp-content\/uploads\/2024\/03\/431485454_726545136349009_5468610313532314172_n.jpg 1080w\" sizes=\"auto, (max-width: 632px) 100vw, 632px\" \/><\/figure>\n<\/div>\n\n<div class=\"wp-block-image is-style-rounded\">\n<figure class=\"aligncenter size-medium\"><img loading=\"lazy\" decoding=\"async\" width=\"632\" height=\"632\" src=\"https:\/\/parenthesegourmande.fr\/wp-content\/uploads\/2024\/03\/338856059_1523601538043469_2130371959489324029_n-632x632.jpg\" alt=\"\" class=\"wp-image-2000\" srcset=\"https:\/\/parenthesegourmande.fr\/wp-content\/uploads\/2024\/03\/338856059_1523601538043469_2130371959489324029_n-632x632.jpg 632w, https:\/\/parenthesegourmande.fr\/wp-content\/uploads\/2024\/03\/338856059_1523601538043469_2130371959489324029_n-768x768.jpg 768w, https:\/\/parenthesegourmande.fr\/wp-content\/uploads\/2024\/03\/338856059_1523601538043469_2130371959489324029_n.jpg 960w\" sizes=\"auto, (max-width: 632px) 100vw, 632px\" \/><\/figure>\n<\/div>\n\n\n\n\n<figure class=\"wp-block-gallery has-nested-images columns-default is-cropped wp-block-gallery-1 is-layout-flex wp-block-gallery-is-layout-flex\"><\/figure>\n\n\n\n<p>Allerg\u00e8nes utilis\u00e9s : c\u00e9r\u00e9ales contenant du gluten (bl\u00e9), \u0153ufs et produits \u00e0 base d\u2019\u0153ufs, arachides et produits \u00e0 base d\u2019arachides, soja et produits \u00e0 base de soja, lait et produits \u00e0 base de lait, fruits \u00e0 coque et produits \u00e0 base de fruits \u00e0 coque.<\/p>\n","protected":false},"excerpt":{"rendered":"<div class=\"entry-summary\">\nMINIMUM 8 PARTS. Les Tartes : Tarte \u00e0 la praline\u00a03.80\u20ac la part&hellip;\n<\/div>\n<div class=\"link-more\"><a href=\"https:\/\/parenthesegourmande.fr\/index.php\/tartes-2\/\" class=\"more-link\">Continue reading<span class=\"screen-reader-text\"> &ldquo;Tartes&rdquo;<\/span>&hellip;<\/a><\/div>\n","protected":false},"author":1,"featured_media":0,"parent":0,"menu_order":0,"comment_status":"closed","ping_status":"closed","template":"page-template\/_fullwidth.php","meta":{"footnotes":""},"class_list":["post-296","page","type-page","status-publish","hentry","entry"],"_links":{"self":[{"href":"https:\/\/parenthesegourmande.fr\/index.php\/wp-json\/wp\/v2\/pages\/296","targetHints":{"allow":["GET"]}}],"collection":[{"href":"https:\/\/parenthesegourmande.fr\/index.php\/wp-json\/wp\/v2\/pages"}],"about":[{"href":"https:\/\/parenthesegourmande.fr\/index.php\/wp-json\/wp\/v2\/types\/page"}],"author":[{"embeddable":true,"href":"https:\/\/parenthesegourmande.fr\/index.php\/wp-json\/wp\/v2\/users\/1"}],"replies":[{"embeddable":true,"href":"https:\/\/parenthesegourmande.fr\/index.php\/wp-json\/wp\/v2\/comments?post=296"}],"version-history":[{"count":36,"href":"https:\/\/parenthesegourmande.fr\/index.php\/wp-json\/wp\/v2\/pages\/296\/revisions"}],"predecessor-version":[{"id":2089,"href":"https:\/\/parenthesegourmande.fr\/index.php\/wp-json\/wp\/v2\/pages\/296\/revisions\/2089"}],"wp:attachment":[{"href":"https:\/\/parenthesegourmande.fr\/index.php\/wp-json\/wp\/v2\/media?parent=296"}],"curies":[{"name":"wp","href":"https:\/\/api.w.org\/{rel}","templated":true}]}}