 {"id":299,"date":"2016-04-26T13:29:19","date_gmt":"2016-04-26T12:29:19","guid":{"rendered":"http:\/\/parenthesegourmande.fr\/?page_id=299"},"modified":"2024-09-16T07:07:12","modified_gmt":"2024-09-16T06:07:12","slug":"macarons","status":"publish","type":"page","link":"https:\/\/parenthesegourmande.fr\/index.php\/macarons\/","title":{"rendered":"Macarons"},"content":{"rendered":"\n<p>1.20\u20ac pi\u00e8ce.<\/p>\n\n\n\n<p><strong>Parfums  : <\/strong><\/p>\n\n\n\n<ul class=\"wp-block-list\"><li>Fruits des bois<\/li><li>Citron<\/li><li>Pistache<\/li><li>Amande<\/li><li>Caramel au beurre sal\u00e9<\/li><li>Vanille<\/li><li>Caf\u00e9<\/li><li>Menthe<\/li><li>Framboise<\/li><li>Noix de coco<\/li><li>Fruits de la passion<\/li><\/ul>\n\n\n<div class=\"wp-block-image is-style-rounded\">\n<figure class=\"aligncenter size-large is-resized\"><img loading=\"lazy\" decoding=\"async\" src=\"https:\/\/parenthesegourmande.fr\/wp-content\/uploads\/2020\/12\/119103513_3538556786230430_1518812797961549037_o-1020x1020.jpg\" alt=\"\" class=\"wp-image-1273\" width=\"510\" height=\"510\" srcset=\"https:\/\/parenthesegourmande.fr\/wp-content\/uploads\/2020\/12\/119103513_3538556786230430_1518812797961549037_o-1020x1020.jpg 1020w, https:\/\/parenthesegourmande.fr\/wp-content\/uploads\/2020\/12\/119103513_3538556786230430_1518812797961549037_o-632x632.jpg 632w, https:\/\/parenthesegourmande.fr\/wp-content\/uploads\/2020\/12\/119103513_3538556786230430_1518812797961549037_o-768x768.jpg 768w, https:\/\/parenthesegourmande.fr\/wp-content\/uploads\/2020\/12\/119103513_3538556786230430_1518812797961549037_o.jpg 1440w\" sizes=\"auto, (max-width: 510px) 100vw, 510px\" \/><\/figure>\n<\/div>\n\n<div class=\"wp-block-image is-style-rounded\">\n<figure class=\"aligncenter\"><img loading=\"lazy\" decoding=\"async\" width=\"632\" height=\"474\" src=\"https:\/\/parenthesegourmande.fr\/wp-content\/uploads\/2016\/04\/2-10-632x474.jpg\" alt=\"2\" class=\"wp-image-425\" srcset=\"https:\/\/parenthesegourmande.fr\/wp-content\/uploads\/2016\/04\/2-10-632x474.jpg 632w, https:\/\/parenthesegourmande.fr\/wp-content\/uploads\/2016\/04\/2-10-768x576.jpg 768w, https:\/\/parenthesegourmande.fr\/wp-content\/uploads\/2016\/04\/2-10-1020x765.jpg 1020w\" sizes=\"auto, (max-width: 632px) 100vw, 632px\" \/><\/figure>\n<\/div>\n\n<div class=\"wp-block-image is-style-rounded\">\n<figure class=\"aligncenter size-large is-resized\"><img loading=\"lazy\" decoding=\"async\" src=\"https:\/\/parenthesegourmande.fr\/wp-content\/uploads\/2020\/12\/125358057_3726835594069214_789026558669864342_o-1020x1020.jpg\" alt=\"\" class=\"wp-image-1274\" width=\"510\" height=\"510\" srcset=\"https:\/\/parenthesegourmande.fr\/wp-content\/uploads\/2020\/12\/125358057_3726835594069214_789026558669864342_o-1020x1020.jpg 1020w, https:\/\/parenthesegourmande.fr\/wp-content\/uploads\/2020\/12\/125358057_3726835594069214_789026558669864342_o-632x632.jpg 632w, https:\/\/parenthesegourmande.fr\/wp-content\/uploads\/2020\/12\/125358057_3726835594069214_789026558669864342_o-768x768.jpg 768w, https:\/\/parenthesegourmande.fr\/wp-content\/uploads\/2020\/12\/125358057_3726835594069214_789026558669864342_o.jpg 1080w\" sizes=\"auto, (max-width: 510px) 100vw, 510px\" \/><\/figure>\n<\/div>\n\n<div class=\"wp-block-image is-style-rounded\">\n<figure class=\"aligncenter size-large is-resized\"><img loading=\"lazy\" decoding=\"async\" src=\"https:\/\/parenthesegourmande.fr\/wp-content\/uploads\/2020\/12\/118350857_3487372874682155_6235941677523919309_o-1020x1360.jpg\" alt=\"\" class=\"wp-image-1275\" width=\"510\" height=\"680\" srcset=\"https:\/\/parenthesegourmande.fr\/wp-content\/uploads\/2020\/12\/118350857_3487372874682155_6235941677523919309_o-1020x1360.jpg 1020w, https:\/\/parenthesegourmande.fr\/wp-content\/uploads\/2020\/12\/118350857_3487372874682155_6235941677523919309_o-632x843.jpg 632w, https:\/\/parenthesegourmande.fr\/wp-content\/uploads\/2020\/12\/118350857_3487372874682155_6235941677523919309_o-768x1024.jpg 768w, https:\/\/parenthesegourmande.fr\/wp-content\/uploads\/2020\/12\/118350857_3487372874682155_6235941677523919309_o-1152x1536.jpg 1152w, https:\/\/parenthesegourmande.fr\/wp-content\/uploads\/2020\/12\/118350857_3487372874682155_6235941677523919309_o.jpg 1500w\" sizes=\"auto, (max-width: 510px) 100vw, 510px\" \/><\/figure>\n<\/div>\n\n<div class=\"wp-block-image is-style-rounded\">\n<figure class=\"aligncenter size-medium\"><img loading=\"lazy\" decoding=\"async\" width=\"632\" height=\"632\" src=\"https:\/\/parenthesegourmande.fr\/wp-content\/uploads\/2024\/03\/351513478_1295872794688718_3563961739010232066_n-632x632.jpg\" alt=\"\" class=\"wp-image-1991\" srcset=\"https:\/\/parenthesegourmande.fr\/wp-content\/uploads\/2024\/03\/351513478_1295872794688718_3563961739010232066_n-632x632.jpg 632w, https:\/\/parenthesegourmande.fr\/wp-content\/uploads\/2024\/03\/351513478_1295872794688718_3563961739010232066_n-1020x1020.jpg 1020w, https:\/\/parenthesegourmande.fr\/wp-content\/uploads\/2024\/03\/351513478_1295872794688718_3563961739010232066_n-768x768.jpg 768w, https:\/\/parenthesegourmande.fr\/wp-content\/uploads\/2024\/03\/351513478_1295872794688718_3563961739010232066_n.jpg 1080w\" sizes=\"auto, (max-width: 632px) 100vw, 632px\" \/><\/figure>\n<\/div>\n\n<div class=\"wp-block-image is-style-rounded\">\n<figure class=\"aligncenter size-medium\"><img loading=\"lazy\" decoding=\"async\" width=\"632\" height=\"632\" src=\"https:\/\/parenthesegourmande.fr\/wp-content\/uploads\/2024\/03\/354021362_573975511605973_2220102720943256361_n-632x632.jpg\" alt=\"\" class=\"wp-image-1992\" srcset=\"https:\/\/parenthesegourmande.fr\/wp-content\/uploads\/2024\/03\/354021362_573975511605973_2220102720943256361_n-632x632.jpg 632w, https:\/\/parenthesegourmande.fr\/wp-content\/uploads\/2024\/03\/354021362_573975511605973_2220102720943256361_n-1020x1020.jpg 1020w, https:\/\/parenthesegourmande.fr\/wp-content\/uploads\/2024\/03\/354021362_573975511605973_2220102720943256361_n-768x768.jpg 768w, https:\/\/parenthesegourmande.fr\/wp-content\/uploads\/2024\/03\/354021362_573975511605973_2220102720943256361_n.jpg 1080w\" sizes=\"auto, (max-width: 632px) 100vw, 632px\" \/><\/figure>\n<\/div>\n\n<div class=\"wp-block-image is-style-rounded\">\n<figure class=\"aligncenter size-medium\"><img loading=\"lazy\" decoding=\"async\" width=\"632\" height=\"632\" src=\"https:\/\/parenthesegourmande.fr\/wp-content\/uploads\/2024\/03\/431302128_725357353134454_1683557640813423756_n-632x632.jpg\" alt=\"\" class=\"wp-image-1994\" srcset=\"https:\/\/parenthesegourmande.fr\/wp-content\/uploads\/2024\/03\/431302128_725357353134454_1683557640813423756_n-632x632.jpg 632w, https:\/\/parenthesegourmande.fr\/wp-content\/uploads\/2024\/03\/431302128_725357353134454_1683557640813423756_n-1020x1020.jpg 1020w, https:\/\/parenthesegourmande.fr\/wp-content\/uploads\/2024\/03\/431302128_725357353134454_1683557640813423756_n-768x768.jpg 768w, https:\/\/parenthesegourmande.fr\/wp-content\/uploads\/2024\/03\/431302128_725357353134454_1683557640813423756_n.jpg 1080w\" sizes=\"auto, (max-width: 632px) 100vw, 632px\" \/><\/figure>\n<\/div>\n\n<div class=\"wp-block-image is-style-rounded\">\n<figure class=\"aligncenter size-full\"><img loading=\"lazy\" decoding=\"async\" width=\"206\" height=\"206\" src=\"https:\/\/parenthesegourmande.fr\/wp-content\/uploads\/2024\/03\/394680251_645008271169363_8973896367695653321_n.jpg\" alt=\"\" class=\"wp-image-1995\"\/><\/figure>\n<\/div>\n\n\n<p>Allerg\u00e8nes utilis\u00e9s : c\u00e9r\u00e9ales contenant du gluten (bl\u00e9), \u0153ufs et produits \u00e0 base d\u2019\u0153ufs, arachides et produits \u00e0 base d\u2019arachides, soja et produits \u00e0 base de soja, lait et produits \u00e0 base de lait, fruits \u00e0 coque et produits \u00e0 base de fruits \u00e0 coque.<\/p>\n","protected":false},"excerpt":{"rendered":"<div class=\"entry-summary\">\n1.20\u20ac pi\u00e8ce. Parfums : Fruits des bois Citron Pistache Amande Caramel au&hellip;\n<\/div>\n<div class=\"link-more\"><a href=\"https:\/\/parenthesegourmande.fr\/index.php\/macarons\/\" class=\"more-link\">Continue reading<span class=\"screen-reader-text\"> &ldquo;Macarons&rdquo;<\/span>&hellip;<\/a><\/div>\n","protected":false},"author":1,"featured_media":0,"parent":0,"menu_order":0,"comment_status":"closed","ping_status":"closed","template":"page-template\/_fullwidth.php","meta":{"footnotes":""},"class_list":["post-299","page","type-page","status-publish","hentry","entry"],"_links":{"self":[{"href":"https:\/\/parenthesegourmande.fr\/index.php\/wp-json\/wp\/v2\/pages\/299","targetHints":{"allow":["GET"]}}],"collection":[{"href":"https:\/\/parenthesegourmande.fr\/index.php\/wp-json\/wp\/v2\/pages"}],"about":[{"href":"https:\/\/parenthesegourmande.fr\/index.php\/wp-json\/wp\/v2\/types\/page"}],"author":[{"embeddable":true,"href":"https:\/\/parenthesegourmande.fr\/index.php\/wp-json\/wp\/v2\/users\/1"}],"replies":[{"embeddable":true,"href":"https:\/\/parenthesegourmande.fr\/index.php\/wp-json\/wp\/v2\/comments?post=299"}],"version-history":[{"count":19,"href":"https:\/\/parenthesegourmande.fr\/index.php\/wp-json\/wp\/v2\/pages\/299\/revisions"}],"predecessor-version":[{"id":2061,"href":"https:\/\/parenthesegourmande.fr\/index.php\/wp-json\/wp\/v2\/pages\/299\/revisions\/2061"}],"wp:attachment":[{"href":"https:\/\/parenthesegourmande.fr\/index.php\/wp-json\/wp\/v2\/media?parent=299"}],"curies":[{"name":"wp","href":"https:\/\/api.w.org\/{rel}","templated":true}]}}