 {"id":302,"date":"2016-04-26T13:29:30","date_gmt":"2016-04-26T12:29:30","guid":{"rendered":"http:\/\/parenthesegourmande.fr\/?page_id=302"},"modified":"2025-04-02T12:42:53","modified_gmt":"2025-04-02T11:42:53","slug":"mignardises","status":"publish","type":"page","link":"https:\/\/parenthesegourmande.fr\/index.php\/mignardises\/","title":{"rendered":"Mignardises"},"content":{"rendered":"<p>1.10\u20ac l&rsquo;unit\u00e9 (minimum 15).<\/p>\n<p><strong>Parfums :<\/strong>\u00a0<\/p>\n<p><strong>\u00a0<\/strong><\/p>\n<ul>\n<li>Mignardises chocolat\/ pralin\u00e9<\/li>\n<li>Mignardises caramel au beurre sal\u00e9\/ \u00e9clats de fruits secs<\/li>\n<li>Mignardises caramel\/ cacahu\u00e8tes fa\u00e7on Snickers<\/li>\n<li>Mignardises citron meringu\u00e9<\/li>\n<li>Mignardises amandine fruits rouges<\/li>\n<li>Mignardises amandine poires<\/li>\n<li>Mignardises ganache chocolat blanc\/ \u00e9clats d&rsquo;amandes<\/li>\n<li>Mignardises aux pralines roses<\/li>\n<\/ul>\n\n<div class=\"wp-block-image is-style-rounded\">\n<figure class=\"aligncenter size-large is-resized\"><img loading=\"lazy\" decoding=\"async\" src=\"https:\/\/parenthesegourmande.fr\/wp-content\/uploads\/2020\/12\/121641281_3651567174929390_2002870713847415625_o-1020x1020.jpg\" alt=\"\" class=\"wp-image-1281\" width=\"510\" height=\"510\" srcset=\"https:\/\/parenthesegourmande.fr\/wp-content\/uploads\/2020\/12\/121641281_3651567174929390_2002870713847415625_o-1020x1020.jpg 1020w, https:\/\/parenthesegourmande.fr\/wp-content\/uploads\/2020\/12\/121641281_3651567174929390_2002870713847415625_o-632x632.jpg 632w, https:\/\/parenthesegourmande.fr\/wp-content\/uploads\/2020\/12\/121641281_3651567174929390_2002870713847415625_o-768x768.jpg 768w, https:\/\/parenthesegourmande.fr\/wp-content\/uploads\/2020\/12\/121641281_3651567174929390_2002870713847415625_o.jpg 1440w\" sizes=\"auto, (max-width: 510px) 100vw, 510px\" \/><\/figure>\n<\/div>\n\n<div class=\"wp-block-image is-style-rounded\">\n<figure class=\"aligncenter size-large is-resized\"><img loading=\"lazy\" decoding=\"async\" src=\"https:\/\/parenthesegourmande.fr\/wp-content\/uploads\/2020\/12\/121694456_3648951278524313_5023574744363623427_n.jpg\" alt=\"\" class=\"wp-image-1282\" width=\"480\" height=\"480\" srcset=\"https:\/\/parenthesegourmande.fr\/wp-content\/uploads\/2020\/12\/121694456_3648951278524313_5023574744363623427_n.jpg 960w, https:\/\/parenthesegourmande.fr\/wp-content\/uploads\/2020\/12\/121694456_3648951278524313_5023574744363623427_n-632x632.jpg 632w, https:\/\/parenthesegourmande.fr\/wp-content\/uploads\/2020\/12\/121694456_3648951278524313_5023574744363623427_n-768x768.jpg 768w\" sizes=\"auto, (max-width: 480px) 100vw, 480px\" \/><\/figure>\n<\/div>\n\n<div class=\"wp-block-image is-style-rounded\">\n<figure class=\"aligncenter size-medium\"><img loading=\"lazy\" decoding=\"async\" width=\"632\" height=\"632\" src=\"https:\/\/parenthesegourmande.fr\/wp-content\/uploads\/2024\/03\/330116147_586789999619519_8478518743916468944_n-632x632.jpg\" alt=\"\" class=\"wp-image-2002\" srcset=\"https:\/\/parenthesegourmande.fr\/wp-content\/uploads\/2024\/03\/330116147_586789999619519_8478518743916468944_n-632x632.jpg 632w, https:\/\/parenthesegourmande.fr\/wp-content\/uploads\/2024\/03\/330116147_586789999619519_8478518743916468944_n-1020x1020.jpg 1020w, https:\/\/parenthesegourmande.fr\/wp-content\/uploads\/2024\/03\/330116147_586789999619519_8478518743916468944_n-768x768.jpg 768w, https:\/\/parenthesegourmande.fr\/wp-content\/uploads\/2024\/03\/330116147_586789999619519_8478518743916468944_n.jpg 1080w\" sizes=\"auto, (max-width: 632px) 100vw, 632px\" \/><\/figure>\n<\/div>\n\n<div class=\"wp-block-image is-style-rounded\">\n<figure class=\"aligncenter size-medium\"><img loading=\"lazy\" decoding=\"async\" width=\"632\" height=\"632\" src=\"https:\/\/parenthesegourmande.fr\/wp-content\/uploads\/2024\/03\/344707060_751848003285245_1082947170271971573_n-632x632.jpg\" alt=\"\" class=\"wp-image-2003\" srcset=\"https:\/\/parenthesegourmande.fr\/wp-content\/uploads\/2024\/03\/344707060_751848003285245_1082947170271971573_n-632x632.jpg 632w, https:\/\/parenthesegourmande.fr\/wp-content\/uploads\/2024\/03\/344707060_751848003285245_1082947170271971573_n-1020x1020.jpg 1020w, https:\/\/parenthesegourmande.fr\/wp-content\/uploads\/2024\/03\/344707060_751848003285245_1082947170271971573_n-768x768.jpg 768w, https:\/\/parenthesegourmande.fr\/wp-content\/uploads\/2024\/03\/344707060_751848003285245_1082947170271971573_n.jpg 1080w\" sizes=\"auto, (max-width: 632px) 100vw, 632px\" \/><\/figure>\n<\/div>\n\n<div class=\"wp-block-image is-style-rounded\">\n<figure class=\"aligncenter size-medium\"><img loading=\"lazy\" decoding=\"async\" width=\"632\" height=\"790\" src=\"https:\/\/parenthesegourmande.fr\/wp-content\/uploads\/2024\/03\/351139163_639649231005822_7954572692852674008_n-632x790.jpg\" alt=\"\" class=\"wp-image-2005\" srcset=\"https:\/\/parenthesegourmande.fr\/wp-content\/uploads\/2024\/03\/351139163_639649231005822_7954572692852674008_n-632x790.jpg 632w, https:\/\/parenthesegourmande.fr\/wp-content\/uploads\/2024\/03\/351139163_639649231005822_7954572692852674008_n-1020x1275.jpg 1020w, https:\/\/parenthesegourmande.fr\/wp-content\/uploads\/2024\/03\/351139163_639649231005822_7954572692852674008_n-768x960.jpg 768w, https:\/\/parenthesegourmande.fr\/wp-content\/uploads\/2024\/03\/351139163_639649231005822_7954572692852674008_n.jpg 1080w\" sizes=\"auto, (max-width: 632px) 100vw, 632px\" \/><\/figure>\n<\/div>\n\n<div class=\"wp-block-image is-style-rounded\">\n<figure class=\"aligncenter size-medium\"><img loading=\"lazy\" decoding=\"async\" width=\"632\" height=\"632\" src=\"https:\/\/parenthesegourmande.fr\/wp-content\/uploads\/2024\/03\/433916519_730968235906699_1195354062695736523_n-632x632.jpg\" alt=\"\" class=\"wp-image-2006\" srcset=\"https:\/\/parenthesegourmande.fr\/wp-content\/uploads\/2024\/03\/433916519_730968235906699_1195354062695736523_n-632x632.jpg 632w, https:\/\/parenthesegourmande.fr\/wp-content\/uploads\/2024\/03\/433916519_730968235906699_1195354062695736523_n-1020x1020.jpg 1020w, https:\/\/parenthesegourmande.fr\/wp-content\/uploads\/2024\/03\/433916519_730968235906699_1195354062695736523_n-768x768.jpg 768w, https:\/\/parenthesegourmande.fr\/wp-content\/uploads\/2024\/03\/433916519_730968235906699_1195354062695736523_n.jpg 1080w\" sizes=\"auto, (max-width: 632px) 100vw, 632px\" \/><\/figure>\n<\/div>\n\n\n<p>Allerg\u00e8nes utilis\u00e9s : c\u00e9r\u00e9ales contenant du gluten (bl\u00e9), \u0153ufs et produits \u00e0 base d\u2019\u0153ufs, arachides et produits \u00e0 base d\u2019arachides, soja et produits \u00e0 base de soja, lait et produits \u00e0 base de lait, fruits \u00e0 coque et produits \u00e0 base de fruits \u00e0 coque.<\/p>\n","protected":false},"excerpt":{"rendered":"<div class=\"entry-summary\">\n1.10\u20ac l&rsquo;unit\u00e9 (minimum 15). Parfums :\u00a0 \u00a0 Mignardises chocolat\/ pralin\u00e9 Mignardises caramel&hellip;\n<\/div>\n<div class=\"link-more\"><a href=\"https:\/\/parenthesegourmande.fr\/index.php\/mignardises\/\" class=\"more-link\">Continue reading<span class=\"screen-reader-text\"> &ldquo;Mignardises&rdquo;<\/span>&hellip;<\/a><\/div>\n","protected":false},"author":1,"featured_media":0,"parent":0,"menu_order":0,"comment_status":"closed","ping_status":"closed","template":"page-template\/_fullwidth.php","meta":{"footnotes":""},"class_list":["post-302","page","type-page","status-publish","hentry","entry"],"_links":{"self":[{"href":"https:\/\/parenthesegourmande.fr\/index.php\/wp-json\/wp\/v2\/pages\/302","targetHints":{"allow":["GET"]}}],"collection":[{"href":"https:\/\/parenthesegourmande.fr\/index.php\/wp-json\/wp\/v2\/pages"}],"about":[{"href":"https:\/\/parenthesegourmande.fr\/index.php\/wp-json\/wp\/v2\/types\/page"}],"author":[{"embeddable":true,"href":"https:\/\/parenthesegourmande.fr\/index.php\/wp-json\/wp\/v2\/users\/1"}],"replies":[{"embeddable":true,"href":"https:\/\/parenthesegourmande.fr\/index.php\/wp-json\/wp\/v2\/comments?post=302"}],"version-history":[{"count":14,"href":"https:\/\/parenthesegourmande.fr\/index.php\/wp-json\/wp\/v2\/pages\/302\/revisions"}],"predecessor-version":[{"id":2091,"href":"https:\/\/parenthesegourmande.fr\/index.php\/wp-json\/wp\/v2\/pages\/302\/revisions\/2091"}],"wp:attachment":[{"href":"https:\/\/parenthesegourmande.fr\/index.php\/wp-json\/wp\/v2\/media?parent=302"}],"curies":[{"name":"wp","href":"https:\/\/api.w.org\/{rel}","templated":true}]}}