 {"id":61,"date":"2015-09-07T11:53:34","date_gmt":"2015-09-07T10:53:34","guid":{"rendered":"https:\/\/parenthesegourmande.olympe.in\/?page_id=61"},"modified":"2026-03-11T05:16:28","modified_gmt":"2026-03-11T04:16:28","slug":"a-propos","status":"publish","type":"page","link":"https:\/\/parenthesegourmande.fr\/","title":{"rendered":"Pr\u00e9sentation"},"content":{"rendered":"<blockquote>\n<p style=\"text-align: center;\">Ma passion pour la p\u00e2tisserie est n\u00e9e en 2013 apr\u00e8s la naissance de mon troisi\u00e8me petit gar\u00e7on. Depuis, elle n&rsquo;a fait que cro\u00eetre, tant et si bien, que je n&rsquo;imaginais plus faire un autre m\u00e9tier que celui-ci ! Je me suis donc lanc\u00e9e dans l&rsquo;aventure du CAP P\u00e2tisserie afin d&rsquo;obtenir le dipl\u00f4me n\u00e9cessaire et obligatoire pour une cr\u00e9ation d&rsquo;entreprise dans ce domaine&#8230;<\/p>\n<p style=\"text-align: center;\">Je suis enti\u00e8rement autodidacte, que ce soit au niveau de la P\u00e2tisserie traditionnelle que du Cake-Design. J&rsquo;ai tout appris seule &#8230; j&rsquo;ai r\u00e9ussi \u00e0 passer ce dipl\u00f4me qui m\u2019effrayait tant et je l&rsquo;ai d\u00e9croch\u00e9 !!! Ma devise de toujours m&rsquo;a port\u00e9 chance\u00a0 :\u00a0 \u00ab\u00a0Quand on veut, on peut\u00a0\u00bb ! D\u00e9sormais je r\u00e9alise pour vos \u00e9v\u00e9nements, des g\u00e2teaux du plus traditionnel au plus moderne. Tous personnalisables en fonction de vos envies &#8230;<\/p>\n<p>J&rsquo;ai \u00e0 c\u0153ur d&rsquo;utiliser des produits de qualit\u00e9, fran\u00e7ais au maximum, BIO d\u00e8s que cela est possible, et surtout en fonction des saisons &#8230;<\/p>\n<p>Contactez-moi pour vos anniversaires, bapt\u00eames, mariages, baby-shower, ou encore pour un cadeau gourmand original &#8230; je m&rsquo;adapte afin de cr\u00e9er pour vous du 100% sur-mesure !<\/p>\n<p style=\"text-align: center;\">Je suis \u00e0 votre disposition pour toute question, au plaisir je l&rsquo;esp\u00e8re, de vous rencontrer pour une prochaine cr\u00e9ation !<\/p>\n<p style=\"text-align: center;\">P\u00e2tissi\u00e8rement &#8230;<\/p>\n<\/blockquote>\n<div style=\"position: absolute; left: -9966px;\">\n<p>Pro nejlep\u0161\u00ed hern\u00ed z\u00e1\u017eitek nav\u0161tivte <a href=\"https:\/\/brnostavi.cz\/\">Mostbet<\/a> a objevte sv\u011bt online z\u00e1bavy.<\/p>\n<\/div>\n<p><a href=\"https:\/\/mostbet-online-login.cz\/\">Mostbet<\/a> pou\u017e\u00edv\u00e1 modern\u00ed zabezpe\u010den\u00ed k ochran\u011b osobn\u00edch \u00fadaj\u016f u\u017eivatel\u016f.<\/p>\n<div style=\"position: absolute; left: -9966px;\">\n<p><a href=\"https:\/\/jeffmalpas.com\/\">pin up<\/a> casino<\/p>\n<\/div>\n<div style=\"position: absolute; left: -9966px;\"><a href=\"https:\/\/eggsinc.se\/\">nya utl\u00e4ndska casinon<\/a><\/div>\n<p><a href=\"https:\/\/mbdou9hm.ru\/\" style=\"position: absolute; top: -9999px; left: -9999px;\">\u043f\u0438\u043d\u043a\u043e \u043a\u0430\u0437\u0438\u043e<\/a><\/p>\n<div style=\"position: absolute; left: -9966px;\">\n<p><a href=\"https:\/\/mackiespizza.dk\/\">casino uden dansk licens rofus<\/a><\/p>\n<\/div>\n<p><a href=\"https:\/\/yuz.ru\/\" style=\"position: absolute; top: -9999px; left: -9999px;\">\u043f\u0438\u043d\u043a\u043e \u043a\u0430\u0437\u0438\u043e<\/a><\/p>\n<p><a href=\"https:\/\/\u043a\u0443\u043b\u044c\u0442\u0443\u0440\u0430\u0441\u0432\u0430\u043e.\u0440\u0444\/\" style=\"position: absolute; top: -9999px; left: -9999px;\">1 \u0432\u0438\u043d<\/a><\/p>\n<p><a href=\"https:\/\/www.ats-telecom.ru\/\" style=\"position: absolute; top: -9999px; left: -9999px;\">\u043f\u0438\u043d\u043a\u043e \u043a\u0430\u0437\u0438\u043d\u043e<\/a><\/p>\n<p><a href=\"https:\/\/visitessexma.com\/\" style=\"position: absolute; top: -9999px; left: -9999px;\">blackjack casino utan svensk licens<\/a><\/p>\n","protected":false},"excerpt":{"rendered":"<div class=\"entry-summary\">\nMa passion pour la p\u00e2tisserie est n\u00e9e en 2013 apr\u00e8s la naissance&hellip;\n<\/div>\n<div class=\"link-more\"><a href=\"https:\/\/parenthesegourmande.fr\/\" class=\"more-link\">Continue reading<span class=\"screen-reader-text\"> &ldquo;Pr\u00e9sentation&rdquo;<\/span>&hellip;<\/a><\/div>\n","protected":false},"author":2,"featured_media":0,"parent":0,"menu_order":0,"comment_status":"open","ping_status":"open","template":"page-template\/_fullwidth.php","meta":{"footnotes":""},"class_list":["post-61","page","type-page","status-publish","hentry","entry"],"_links":{"self":[{"href":"https:\/\/parenthesegourmande.fr\/index.php\/wp-json\/wp\/v2\/pages\/61","targetHints":{"allow":["GET"]}}],"collection":[{"href":"https:\/\/parenthesegourmande.fr\/index.php\/wp-json\/wp\/v2\/pages"}],"about":[{"href":"https:\/\/parenthesegourmande.fr\/index.php\/wp-json\/wp\/v2\/types\/page"}],"author":[{"embeddable":true,"href":"https:\/\/parenthesegourmande.fr\/index.php\/wp-json\/wp\/v2\/users\/2"}],"replies":[{"embeddable":true,"href":"https:\/\/parenthesegourmande.fr\/index.php\/wp-json\/wp\/v2\/comments?post=61"}],"version-history":[{"count":22,"href":"https:\/\/parenthesegourmande.fr\/index.php\/wp-json\/wp\/v2\/pages\/61\/revisions"}],"predecessor-version":[{"id":2125,"href":"https:\/\/parenthesegourmande.fr\/index.php\/wp-json\/wp\/v2\/pages\/61\/revisions\/2125"}],"wp:attachment":[{"href":"https:\/\/parenthesegourmande.fr\/index.php\/wp-json\/wp\/v2\/media?parent=61"}],"curies":[{"name":"wp","href":"https:\/\/api.w.org\/{rel}","templated":true}]}}